{"id":398,"date":"2024-09-20T10:31:37","date_gmt":"2024-09-20T08:31:37","guid":{"rendered":"https:\/\/goldberry.lighting\/?post_type=product&#038;p=398"},"modified":"2024-11-14T09:59:56","modified_gmt":"2024-11-14T08:59:56","slug":"cassy","status":"publish","type":"product","link":"https:\/\/goldberry.lighting\/en\/product\/cassy\/","title":{"rendered":"Cassy"},"content":{"rendered":"<div data-elementor-type=\"product-post\" data-elementor-id=\"398\" class=\"elementor elementor-398\" data-elementor-post-type=\"product\">\n\t\t\t\t<div class=\"elementor-element elementor-element-392c19ce e-flex e-con-boxed e-con e-parent\" data-id=\"392c19ce\" data-element_type=\"container\" data-e-type=\"container\">\n\t\t\t\t\t<div class=\"e-con-inner\">\n\t\t\t\t<div class=\"elementor-element elementor-element-6014644f elementor-widget elementor-widget-text-editor\" data-id=\"6014644f\" data-element_type=\"widget\" data-e-type=\"widget\" data-widget_type=\"text-editor.default\">\n\t\t\t\t<div class=\"elementor-widget-container\">\n\t\t\t\t\t\t\t\t\t<p>Lampa wisz\u0105ca CASSY\u00a0<br \/>Wymiary: \u00d8 38 | H 113 cm (mo\u017cliwo\u015b\u0107 zam\u00f3wienia lampy z d\u0142u\u017cszym \u0142a\u0144cuchem)<br \/>\u0179r\u00f3d\u0142o \u015bwiat\u0142a: 1 x E20 (brak w komplecie)<\/p><p>Lampa CASSY doskonale komponuje si\u0119 z wieloma przestrzeniami mieszkalnymi: w stylu vintage, modern-farmhouse, doskonale uzupe\u0142ni te\u017c eklektyczne aran\u017cacje.<\/p>\t\t\t\t\t\t\t\t<\/div>\n\t\t\t\t<\/div>\n\t\t\t\t<div class=\"elementor-element elementor-element-fc1aa4a elementor-widget elementor-widget-text-editor\" data-id=\"fc1aa4a\" data-element_type=\"widget\" data-e-type=\"widget\" data-widget_type=\"text-editor.default\">\n\t\t\t\t<div class=\"elementor-widget-container\">\n\t\t\t\t\t\t\t\t\t<p>Rattan, jako naturalny surowiec, charakteryzuje si\u0119 subtelnymi nier\u00f3wno\u015bciami, kt\u00f3re \u015bwiadcz\u0105 o jego naturalnym, organicznym charakterze. Mosi\u0105dz, z kt\u00f3rego wykonane s\u0105 elementy lamp, mo\u017ce z czasem pokrywa\u0107 si\u0119 patyn\u0105, co jest naturalnym procesem nadaj\u0105cym materia\u0142owi wyj\u0105tkowej szlachetno\u015bci. Patynowanie jest procesem odwracalnym &#8211; wystarczy u\u017cy\u0107 pasty polerskiej do mosi\u0105dzu aby nada\u0107 materia\u0142owi pierwotny blask.\u00a0<\/p>\t\t\t\t\t\t\t\t<\/div>\n\t\t\t\t<\/div>\n\t\t\t\t\t<\/div>\n\t\t\t\t<\/div>\n\t\t<div class=\"elementor-element elementor-element-50d1eab e-flex e-con-boxed e-con e-parent\" data-id=\"50d1eab\" data-element_type=\"container\" data-e-type=\"container\">\n\t\t\t\t\t<div class=\"e-con-inner\">\n\t\t\t\t<div class=\"elementor-element elementor-element-b20067d elementor-widget elementor-widget-n-accordion\" data-id=\"b20067d\" data-element_type=\"widget\" data-e-type=\"widget\" data-settings=\"{&quot;default_state&quot;:&quot;all_collapsed&quot;,&quot;max_items_expended&quot;:&quot;one&quot;,&quot;n_accordion_animation_duration&quot;:{&quot;unit&quot;:&quot;ms&quot;,&quot;size&quot;:400,&quot;sizes&quot;:[]}}\" data-widget_type=\"nested-accordion.default\">\n\t\t\t\t<div class=\"elementor-widget-container\">\n\t\t\t\t\t\t\t<div class=\"e-n-accordion\" aria-label=\"Accordion. Open links with Enter or Space, close with Escape, and navigate with Arrow Keys\">\n\t\t\t\t\t\t<details id=\"e-n-accordion-item-1860\" class=\"e-n-accordion-item\" >\n\t\t\t\t<summary class=\"e-n-accordion-item-title\" data-accordion-index=\"1\" tabindex=\"0\" aria-expanded=\"false\" aria-controls=\"e-n-accordion-item-1860\" >\n\t\t\t\t\t<span class='e-n-accordion-item-title-header'><div class=\"e-n-accordion-item-title-text\"> MODELE 3D <\/div><\/span>\n\t\t\t\t\t\t\t<span class='e-n-accordion-item-title-icon'>\n\t\t\t<span class='e-opened' ><svg aria-hidden=\"true\" class=\"e-font-icon-svg e-fas-minus\" viewbox=\"0 0 448 512\" xmlns=\"http:\/\/www.w3.org\/2000\/svg\"><path d=\"M416 208H32c-17.67 0-32 14.33-32 32v32c0 17.67 14.33 32 32 32h384c17.67 0 32-14.33 32-32v-32c0-17.67-14.33-32-32-32z\"><\/path><\/svg><\/span>\n\t\t\t<span class='e-closed'><svg aria-hidden=\"true\" class=\"e-font-icon-svg e-fas-plus\" viewbox=\"0 0 448 512\" xmlns=\"http:\/\/www.w3.org\/2000\/svg\"><path d=\"M416 208H272V64c0-17.67-14.33-32-32-32h-32c-17.67 0-32 14.33-32 32v144H32c-17.67 0-32 14.33-32 32v32c0 17.67 14.33 32 32 32h144v144c0 17.67 14.33 32 32 32h32c17.67 0 32-14.33 32-32V304h144c17.67 0 32-14.33 32-32v-32c0-17.67-14.33-32-32-32z\"><\/path><\/svg><\/span>\n\t\t<\/span>\n\n\t\t\t\t\t\t<\/summary>\n\t\t\t\t<div role=\"region\" aria-labelledby=\"e-n-accordion-item-1860\" class=\"elementor-element elementor-element-a00ce28 e-con-full e-flex e-con e-child\" data-id=\"a00ce28\" data-element_type=\"container\" data-e-type=\"container\">\n\t\t\t\t<div class=\"elementor-element elementor-element-93aa7ae elementor-icon-list--layout-traditional elementor-list-item-link-full_width elementor-widget elementor-widget-icon-list\" data-id=\"93aa7ae\" data-element_type=\"widget\" data-e-type=\"widget\" data-widget_type=\"icon-list.default\">\n\t\t\t\t<div class=\"elementor-widget-container\">\n\t\t\t\t\t\t\t<ul class=\"elementor-icon-list-items\">\n\t\t\t\t\t\t\t<li class=\"elementor-icon-list-item\">\n\t\t\t\t\t\t\t\t\t\t\t<a href=\"https:\/\/goldberry.lighting\/wp-content\/uploads\/files\/Goldberry_CASSY.stl\">\n\n\t\t\t\t\t\t\t\t\t\t\t\t<span class=\"elementor-icon-list-icon\">\n\t\t\t\t\t\t\t<svg aria-hidden=\"true\" class=\"e-font-icon-svg e-fas-cube\" viewbox=\"0 0 512 512\" xmlns=\"http:\/\/www.w3.org\/2000\/svg\"><path d=\"M239.1 6.3l-208 78c-18.7 7-31.1 25-31.1 45v225.1c0 18.2 10.3 34.8 26.5 42.9l208 104c13.5 6.8 29.4 6.8 42.9 0l208-104c16.3-8.1 26.5-24.8 26.5-42.9V129.3c0-20-12.4-37.9-31.1-44.9l-208-78C262 2.2 250 2.2 239.1 6.3zM256 68.4l192 72v1.1l-192 78-192-78v-1.1l192-72zm32 356V275.5l160-65v133.9l-160 80z\"><\/path><\/svg>\t\t\t\t\t\t<\/span>\n\t\t\t\t\t\t\t\t\t\t<span class=\"elementor-icon-list-text\">  LOLA_goldberry.stl<\/span>\n\t\t\t\t\t\t\t\t\t\t\t<\/a>\n\t\t\t\t\t\t\t\t\t<\/li>\n\t\t\t\t\t\t\t\t<li class=\"elementor-icon-list-item\">\n\t\t\t\t\t\t\t\t\t\t\t<a href=\"https:\/\/goldberry.lighting\/wp-content\/uploads\/files\/Goldberry_CASSY.obj\">\n\n\t\t\t\t\t\t\t\t\t\t\t\t<span class=\"elementor-icon-list-icon\">\n\t\t\t\t\t\t\t<svg aria-hidden=\"true\" class=\"e-font-icon-svg e-fas-cube\" viewbox=\"0 0 512 512\" xmlns=\"http:\/\/www.w3.org\/2000\/svg\"><path d=\"M239.1 6.3l-208 78c-18.7 7-31.1 25-31.1 45v225.1c0 18.2 10.3 34.8 26.5 42.9l208 104c13.5 6.8 29.4 6.8 42.9 0l208-104c16.3-8.1 26.5-24.8 26.5-42.9V129.3c0-20-12.4-37.9-31.1-44.9l-208-78C262 2.2 250 2.2 239.1 6.3zM256 68.4l192 72v1.1l-192 78-192-78v-1.1l192-72zm32 356V275.5l160-65v133.9l-160 80z\"><\/path><\/svg>\t\t\t\t\t\t<\/span>\n\t\t\t\t\t\t\t\t\t\t<span class=\"elementor-icon-list-text\"> LOLA_goldberry.obj<\/span>\n\t\t\t\t\t\t\t\t\t\t\t<\/a>\n\t\t\t\t\t\t\t\t\t<\/li>\n\t\t\t\t\t\t<\/ul>\n\t\t\t\t\t\t<\/div>\n\t\t\t\t<\/div>\n\t\t\t\t<\/div>\n\t\t\t\t\t<\/details>\n\t\t\t\t\t<\/div>\n\t\t\t\t\t\t<\/div>\n\t\t\t\t<\/div>\n\t\t\t\t<div class=\"elementor-element elementor-element-e35ce5b elementor-widget elementor-widget-n-accordion\" data-id=\"e35ce5b\" data-element_type=\"widget\" data-e-type=\"widget\" data-settings=\"{&quot;default_state&quot;:&quot;all_collapsed&quot;,&quot;max_items_expended&quot;:&quot;one&quot;,&quot;n_accordion_animation_duration&quot;:{&quot;unit&quot;:&quot;ms&quot;,&quot;size&quot;:400,&quot;sizes&quot;:[]}}\" data-widget_type=\"nested-accordion.default\">\n\t\t\t\t<div class=\"elementor-widget-container\">\n\t\t\t\t\t\t\t<div class=\"e-n-accordion\" aria-label=\"Accordion. Open links with Enter or Space, close with Escape, and navigate with Arrow Keys\">\n\t\t\t\t\t\t<details id=\"e-n-accordion-item-2380\" class=\"e-n-accordion-item\" >\n\t\t\t\t<summary class=\"e-n-accordion-item-title\" data-accordion-index=\"1\" tabindex=\"0\" aria-expanded=\"false\" aria-controls=\"e-n-accordion-item-2380\" >\n\t\t\t\t\t<span class='e-n-accordion-item-title-header'><div class=\"e-n-accordion-item-title-text\"> RYSUNEK 2D <\/div><\/span>\n\t\t\t\t\t\t\t<span class='e-n-accordion-item-title-icon'>\n\t\t\t<span class='e-opened' ><svg aria-hidden=\"true\" class=\"e-font-icon-svg e-fas-minus\" viewbox=\"0 0 448 512\" xmlns=\"http:\/\/www.w3.org\/2000\/svg\"><path d=\"M416 208H32c-17.67 0-32 14.33-32 32v32c0 17.67 14.33 32 32 32h384c17.67 0 32-14.33 32-32v-32c0-17.67-14.33-32-32-32z\"><\/path><\/svg><\/span>\n\t\t\t<span class='e-closed'><svg aria-hidden=\"true\" class=\"e-font-icon-svg e-fas-plus\" viewbox=\"0 0 448 512\" xmlns=\"http:\/\/www.w3.org\/2000\/svg\"><path d=\"M416 208H272V64c0-17.67-14.33-32-32-32h-32c-17.67 0-32 14.33-32 32v144H32c-17.67 0-32 14.33-32 32v32c0 17.67 14.33 32 32 32h144v144c0 17.67 14.33 32 32 32h32c17.67 0 32-14.33 32-32V304h144c17.67 0 32-14.33 32-32v-32c0-17.67-14.33-32-32-32z\"><\/path><\/svg><\/span>\n\t\t<\/span>\n\n\t\t\t\t\t\t<\/summary>\n\t\t\t\t<div role=\"region\" aria-labelledby=\"e-n-accordion-item-2380\" class=\"elementor-element elementor-element-04fd335 e-con-full e-flex e-con e-child\" data-id=\"04fd335\" data-element_type=\"container\" data-e-type=\"container\">\n\t\t\t\t<div class=\"elementor-element elementor-element-27acc01 elementor-widget elementor-widget-image\" data-id=\"27acc01\" data-element_type=\"widget\" data-e-type=\"widget\" data-widget_type=\"image.default\">\n\t\t\t\t<div class=\"elementor-widget-container\">\n\t\t\t\t\t\t\t\t\t\t\t\t\t\t\t<img fetchpriority=\"high\" decoding=\"async\" width=\"300\" height=\"579\" src=\"https:\/\/goldberry.lighting\/wp-content\/uploads\/cassy_2d.png\" class=\"attachment-full size-full wp-image-781\" alt=\"\" srcset=\"https:\/\/goldberry.lighting\/wp-content\/uploads\/cassy_2d.png 300w, https:\/\/goldberry.lighting\/wp-content\/uploads\/cassy_2d-6x12.png 6w\" sizes=\"(max-width: 300px) 100vw, 300px\" \/>\t\t\t\t\t\t\t\t\t\t\t\t\t\t\t<\/div>\n\t\t\t\t<\/div>\n\t\t\t\t<\/div>\n\t\t\t\t\t<\/details>\n\t\t\t\t\t<\/div>\n\t\t\t\t\t\t<\/div>\n\t\t\t\t<\/div>\n\t\t\t\t\t<\/div>\n\t\t\t\t<\/div>\n\t\t\t\t<\/div>","protected":false},"excerpt":{"rendered":"<p>Contrary to popular belief, Lorem Ipsum is not simply random text.<\/p>","protected":false},"featured_media":391,"comment_status":"open","ping_status":"closed","template":"","meta":{"inline_featured_image":false},"product_brand":[],"product_cat":[15],"product_tag":[],"class_list":{"0":"post-398","1":"product","2":"type-product","3":"status-publish","4":"has-post-thumbnail","6":"product_cat-bez-kategorii","8":"first","9":"instock","10":"shipping-taxable","11":"purchasable","12":"product-type-variable","13":"has-default-attributes"},"yoast_head":"<!-- This site is optimized with the Yoast SEO plugin v27.3 - https:\/\/yoast.com\/product\/yoast-seo-wordpress\/ -->\n<title>Cassy - Goldberry Lighting<\/title>\n<meta name=\"robots\" content=\"index, follow, max-snippet:-1, max-image-preview:large, max-video-preview:-1\" \/>\n<link rel=\"canonical\" href=\"https:\/\/goldberry.lighting\/en\/product\/cassy\/\" \/>\n<meta property=\"og:locale\" content=\"en_GB\" \/>\n<meta property=\"og:type\" content=\"article\" \/>\n<meta property=\"og:title\" content=\"Cassy - Goldberry Lighting\" \/>\n<meta property=\"og:description\" content=\"Contrary to popular belief, Lorem Ipsum is not simply random text.\" \/>\n<meta property=\"og:url\" content=\"https:\/\/goldberry.lighting\/en\/product\/cassy\/\" \/>\n<meta property=\"og:site_name\" content=\"Goldberry Lighting\" \/>\n<meta property=\"article:publisher\" content=\"https:\/\/www.facebook.com\/MagdaFornalWnetrza\" \/>\n<meta property=\"article:modified_time\" content=\"2024-11-14T08:59:56+00:00\" \/>\n<meta property=\"og:image\" content=\"https:\/\/goldberry.lighting\/wp-content\/uploads\/CASSY_milk.jpg\" \/>\n\t<meta property=\"og:image:width\" content=\"900\" \/>\n\t<meta property=\"og:image:height\" content=\"900\" \/>\n\t<meta property=\"og:image:type\" content=\"image\/jpeg\" \/>\n<meta name=\"twitter:card\" content=\"summary_large_image\" \/>\n<meta name=\"twitter:label1\" content=\"Estimated reading time\" \/>\n\t<meta name=\"twitter:data1\" content=\"1 minute\" \/>\n<script type=\"application\/ld+json\" class=\"yoast-schema-graph\">{\"@context\":\"https:\\\/\\\/schema.org\",\"@graph\":[{\"@type\":\"WebPage\",\"@id\":\"https:\\\/\\\/goldberry.lighting\\\/produkt\\\/cassy\\\/\",\"url\":\"https:\\\/\\\/goldberry.lighting\\\/produkt\\\/cassy\\\/\",\"name\":\"Cassy - Goldberry Lighting\",\"isPartOf\":{\"@id\":\"https:\\\/\\\/goldberry.lighting\\\/#website\"},\"primaryImageOfPage\":{\"@id\":\"https:\\\/\\\/goldberry.lighting\\\/produkt\\\/cassy\\\/#primaryimage\"},\"image\":{\"@id\":\"https:\\\/\\\/goldberry.lighting\\\/produkt\\\/cassy\\\/#primaryimage\"},\"thumbnailUrl\":\"https:\\\/\\\/goldberry.lighting\\\/wp-content\\\/uploads\\\/CASSY_milk.jpg\",\"datePublished\":\"2024-09-20T08:31:37+00:00\",\"dateModified\":\"2024-11-14T08:59:56+00:00\",\"breadcrumb\":{\"@id\":\"https:\\\/\\\/goldberry.lighting\\\/produkt\\\/cassy\\\/#breadcrumb\"},\"inLanguage\":\"en-GB\",\"potentialAction\":[{\"@type\":\"ReadAction\",\"target\":[\"https:\\\/\\\/goldberry.lighting\\\/produkt\\\/cassy\\\/\"]}]},{\"@type\":\"ImageObject\",\"inLanguage\":\"en-GB\",\"@id\":\"https:\\\/\\\/goldberry.lighting\\\/produkt\\\/cassy\\\/#primaryimage\",\"url\":\"https:\\\/\\\/goldberry.lighting\\\/wp-content\\\/uploads\\\/CASSY_milk.jpg\",\"contentUrl\":\"https:\\\/\\\/goldberry.lighting\\\/wp-content\\\/uploads\\\/CASSY_milk.jpg\",\"width\":900,\"height\":900},{\"@type\":\"BreadcrumbList\",\"@id\":\"https:\\\/\\\/goldberry.lighting\\\/produkt\\\/cassy\\\/#breadcrumb\",\"itemListElement\":[{\"@type\":\"ListItem\",\"position\":1,\"name\":\"Home\",\"item\":\"https:\\\/\\\/goldberry.lighting\\\/\"},{\"@type\":\"ListItem\",\"position\":2,\"name\":\"Products\",\"item\":\"https:\\\/\\\/goldberry.lighting\\\/shop\\\/\"},{\"@type\":\"ListItem\",\"position\":3,\"name\":\"Cassy\"}]},{\"@type\":\"WebSite\",\"@id\":\"https:\\\/\\\/goldberry.lighting\\\/#website\",\"url\":\"https:\\\/\\\/goldberry.lighting\\\/\",\"name\":\"Goldberry Lighting\",\"description\":\"lampy GOLDBERRY to propozycja dla tych, kt\u00f3rzy kochaj\u0105 tworzy\u0107 DOM...\",\"publisher\":{\"@id\":\"https:\\\/\\\/goldberry.lighting\\\/#organization\"},\"potentialAction\":[{\"@type\":\"SearchAction\",\"target\":{\"@type\":\"EntryPoint\",\"urlTemplate\":\"https:\\\/\\\/goldberry.lighting\\\/?s={search_term_string}\"},\"query-input\":{\"@type\":\"PropertyValueSpecification\",\"valueRequired\":true,\"valueName\":\"search_term_string\"}}],\"inLanguage\":\"en-GB\"},{\"@type\":\"Organization\",\"@id\":\"https:\\\/\\\/goldberry.lighting\\\/#organization\",\"name\":\"Goldberry Lighting\",\"url\":\"https:\\\/\\\/goldberry.lighting\\\/\",\"logo\":{\"@type\":\"ImageObject\",\"inLanguage\":\"en-GB\",\"@id\":\"https:\\\/\\\/goldberry.lighting\\\/#\\\/schema\\\/logo\\\/image\\\/\",\"url\":\"https:\\\/\\\/goldberry.lighting\\\/wp-content\\\/uploads\\\/2023\\\/02\\\/Warstwa-5.png\",\"contentUrl\":\"https:\\\/\\\/goldberry.lighting\\\/wp-content\\\/uploads\\\/2023\\\/02\\\/Warstwa-5.png\",\"width\":276,\"height\":53,\"caption\":\"Goldberry Lighting\"},\"image\":{\"@id\":\"https:\\\/\\\/goldberry.lighting\\\/#\\\/schema\\\/logo\\\/image\\\/\"},\"sameAs\":[\"https:\\\/\\\/www.facebook.com\\\/MagdaFornalWnetrza\"]}]}<\/script>\n<!-- \/ Yoast SEO plugin. -->","yoast_head_json":{"title":"Cassy - Goldberry Lighting","robots":{"index":"index","follow":"follow","max-snippet":"max-snippet:-1","max-image-preview":"max-image-preview:large","max-video-preview":"max-video-preview:-1"},"canonical":"https:\/\/goldberry.lighting\/en\/product\/cassy\/","og_locale":"en_GB","og_type":"article","og_title":"Cassy - Goldberry Lighting","og_description":"Contrary to popular belief, Lorem Ipsum is not simply random text.","og_url":"https:\/\/goldberry.lighting\/en\/product\/cassy\/","og_site_name":"Goldberry Lighting","article_publisher":"https:\/\/www.facebook.com\/MagdaFornalWnetrza","article_modified_time":"2024-11-14T08:59:56+00:00","og_image":[{"width":900,"height":900,"url":"https:\/\/goldberry.lighting\/wp-content\/uploads\/CASSY_milk.jpg","type":"image\/jpeg"}],"twitter_card":"summary_large_image","twitter_misc":{"Estimated reading time":"1 minute"},"schema":{"@context":"https:\/\/schema.org","@graph":[{"@type":"WebPage","@id":"https:\/\/goldberry.lighting\/produkt\/cassy\/","url":"https:\/\/goldberry.lighting\/produkt\/cassy\/","name":"Cassy - Goldberry Lighting","isPartOf":{"@id":"https:\/\/goldberry.lighting\/#website"},"primaryImageOfPage":{"@id":"https:\/\/goldberry.lighting\/produkt\/cassy\/#primaryimage"},"image":{"@id":"https:\/\/goldberry.lighting\/produkt\/cassy\/#primaryimage"},"thumbnailUrl":"https:\/\/goldberry.lighting\/wp-content\/uploads\/CASSY_milk.jpg","datePublished":"2024-09-20T08:31:37+00:00","dateModified":"2024-11-14T08:59:56+00:00","breadcrumb":{"@id":"https:\/\/goldberry.lighting\/produkt\/cassy\/#breadcrumb"},"inLanguage":"en-GB","potentialAction":[{"@type":"ReadAction","target":["https:\/\/goldberry.lighting\/produkt\/cassy\/"]}]},{"@type":"ImageObject","inLanguage":"en-GB","@id":"https:\/\/goldberry.lighting\/produkt\/cassy\/#primaryimage","url":"https:\/\/goldberry.lighting\/wp-content\/uploads\/CASSY_milk.jpg","contentUrl":"https:\/\/goldberry.lighting\/wp-content\/uploads\/CASSY_milk.jpg","width":900,"height":900},{"@type":"BreadcrumbList","@id":"https:\/\/goldberry.lighting\/produkt\/cassy\/#breadcrumb","itemListElement":[{"@type":"ListItem","position":1,"name":"Home","item":"https:\/\/goldberry.lighting\/"},{"@type":"ListItem","position":2,"name":"Products","item":"https:\/\/goldberry.lighting\/shop\/"},{"@type":"ListItem","position":3,"name":"Cassy"}]},{"@type":"WebSite","@id":"https:\/\/goldberry.lighting\/#website","url":"https:\/\/goldberry.lighting\/","name":"Goldberry Lighting","description":"lampy GOLDBERRY to propozycja dla tych, kt\u00f3rzy kochaj\u0105 tworzy\u0107 DOM...","publisher":{"@id":"https:\/\/goldberry.lighting\/#organization"},"potentialAction":[{"@type":"SearchAction","target":{"@type":"EntryPoint","urlTemplate":"https:\/\/goldberry.lighting\/?s={search_term_string}"},"query-input":{"@type":"PropertyValueSpecification","valueRequired":true,"valueName":"search_term_string"}}],"inLanguage":"en-GB"},{"@type":"Organization","@id":"https:\/\/goldberry.lighting\/#organization","name":"Goldberry Lighting","url":"https:\/\/goldberry.lighting\/","logo":{"@type":"ImageObject","inLanguage":"en-GB","@id":"https:\/\/goldberry.lighting\/#\/schema\/logo\/image\/","url":"https:\/\/goldberry.lighting\/wp-content\/uploads\/2023\/02\/Warstwa-5.png","contentUrl":"https:\/\/goldberry.lighting\/wp-content\/uploads\/2023\/02\/Warstwa-5.png","width":276,"height":53,"caption":"Goldberry Lighting"},"image":{"@id":"https:\/\/goldberry.lighting\/#\/schema\/logo\/image\/"},"sameAs":["https:\/\/www.facebook.com\/MagdaFornalWnetrza"]}]}},"_links":{"self":[{"href":"https:\/\/goldberry.lighting\/en\/wp-json\/wp\/v2\/product\/398","targetHints":{"allow":["GET"]}}],"collection":[{"href":"https:\/\/goldberry.lighting\/en\/wp-json\/wp\/v2\/product"}],"about":[{"href":"https:\/\/goldberry.lighting\/en\/wp-json\/wp\/v2\/types\/product"}],"replies":[{"embeddable":true,"href":"https:\/\/goldberry.lighting\/en\/wp-json\/wp\/v2\/comments?post=398"}],"version-history":[{"count":29,"href":"https:\/\/goldberry.lighting\/en\/wp-json\/wp\/v2\/product\/398\/revisions"}],"predecessor-version":[{"id":1485,"href":"https:\/\/goldberry.lighting\/en\/wp-json\/wp\/v2\/product\/398\/revisions\/1485"}],"wp:featuredmedia":[{"embeddable":true,"href":"https:\/\/goldberry.lighting\/en\/wp-json\/wp\/v2\/media\/391"}],"wp:attachment":[{"href":"https:\/\/goldberry.lighting\/en\/wp-json\/wp\/v2\/media?parent=398"}],"wp:term":[{"taxonomy":"product_brand","embeddable":true,"href":"https:\/\/goldberry.lighting\/en\/wp-json\/wp\/v2\/product_brand?post=398"},{"taxonomy":"product_cat","embeddable":true,"href":"https:\/\/goldberry.lighting\/en\/wp-json\/wp\/v2\/product_cat?post=398"},{"taxonomy":"product_tag","embeddable":true,"href":"https:\/\/goldberry.lighting\/en\/wp-json\/wp\/v2\/product_tag?post=398"}],"curies":[{"name":"wp","href":"https:\/\/api.w.org\/{rel}","templated":true}]}}