{"id":930,"date":"2024-10-29T08:45:01","date_gmt":"2024-10-29T07:45:01","guid":{"rendered":"https:\/\/goldberry.lighting\/?page_id=930"},"modified":"2024-11-15T08:02:06","modified_gmt":"2024-11-15T07:02:06","slug":"dla-dystrybutorow","status":"publish","type":"page","link":"https:\/\/goldberry.lighting\/en\/dla-dystrybutorow\/","title":{"rendered":"Dla dystrybutor\u00f3w"},"content":{"rendered":"\t\t<div data-elementor-type=\"wp-page\" data-elementor-id=\"930\" class=\"elementor elementor-930\" data-elementor-post-type=\"page\">\n\t\t\t\t<div class=\"elementor-element elementor-element-591ea24 e-flex e-con-boxed e-con e-parent\" data-id=\"591ea24\" data-element_type=\"container\" data-e-type=\"container\">\n\t\t\t\t\t<div class=\"e-con-inner\">\n\t\t\t\t<div class=\"elementor-element elementor-element-42adc4a elementor-widget elementor-widget-heading\" data-id=\"42adc4a\" data-element_type=\"widget\" data-e-type=\"widget\" data-widget_type=\"heading.default\">\n\t\t\t\t<div class=\"elementor-widget-container\">\n\t\t\t\t\t<h2 class=\"elementor-heading-title elementor-size-default\">WSP\u00d3\u0141PRACA<\/h2>\t\t\t\t<\/div>\n\t\t\t\t<\/div>\n\t\t\t\t\t<\/div>\n\t\t\t\t<\/div>\n\t\t<div class=\"elementor-element elementor-element-75e9624 e-flex e-con-boxed e-con e-parent\" data-id=\"75e9624\" data-element_type=\"container\" data-e-type=\"container\">\n\t\t\t\t\t<div class=\"e-con-inner\">\n\t\t<div class=\"elementor-element elementor-element-9089fd7 e-grid e-con-boxed e-con e-child\" data-id=\"9089fd7\" data-element_type=\"container\" data-e-type=\"container\">\n\t\t\t\t\t<div class=\"e-con-inner\">\n\t\t\t\t<div class=\"elementor-element elementor-element-eb601c4 elementor-align-center elementor-widget elementor-widget-button\" data-id=\"eb601c4\" data-element_type=\"widget\" data-e-type=\"widget\" data-widget_type=\"button.default\">\n\t\t\t\t<div class=\"elementor-widget-container\">\n\t\t\t\t\t\t\t\t\t<div class=\"elementor-button-wrapper\">\n\t\t\t\t\t<a class=\"elementor-button elementor-button-link elementor-size-sm\" href=\"#\">\n\t\t\t\t\t\t<span class=\"elementor-button-content-wrapper\">\n\t\t\t\t\t\t\t\t\t<span class=\"elementor-button-text\">DLA DYSTRYBUTOR\u00d3W<\/span>\n\t\t\t\t\t<\/span>\n\t\t\t\t\t<\/a>\n\t\t\t\t<\/div>\n\t\t\t\t\t\t\t\t<\/div>\n\t\t\t\t<\/div>\n\t\t\t\t<div class=\"elementor-element elementor-element-8995ff0 elementor-align-center elementor-widget elementor-widget-button\" data-id=\"8995ff0\" data-element_type=\"widget\" data-e-type=\"widget\" data-widget_type=\"button.default\">\n\t\t\t\t<div class=\"elementor-widget-container\">\n\t\t\t\t\t\t\t\t\t<div class=\"elementor-button-wrapper\">\n\t\t\t\t\t<a class=\"elementor-button elementor-button-link elementor-size-sm\" href=\"https:\/\/goldberry.lighting\/dla-architektow\">\n\t\t\t\t\t\t<span class=\"elementor-button-content-wrapper\">\n\t\t\t\t\t\t\t\t\t<span class=\"elementor-button-text\">DLA ARCHITEKT\u00d3W<\/span>\n\t\t\t\t\t<\/span>\n\t\t\t\t\t<\/a>\n\t\t\t\t<\/div>\n\t\t\t\t\t\t\t\t<\/div>\n\t\t\t\t<\/div>\n\t\t\t\t\t<\/div>\n\t\t\t\t<\/div>\n\t\t\t\t\t<\/div>\n\t\t\t\t<\/div>\n\t\t<div class=\"elementor-element elementor-element-73b063e e-flex e-con-boxed e-con e-parent\" data-id=\"73b063e\" data-element_type=\"container\" data-e-type=\"container\">\n\t\t\t\t\t<div class=\"e-con-inner\">\n\t\t<div class=\"elementor-element elementor-element-fa2f1df e-grid e-con-boxed e-con e-child\" data-id=\"fa2f1df\" data-element_type=\"container\" data-e-type=\"container\">\n\t\t\t\t\t<div class=\"e-con-inner\">\n\t\t<div class=\"elementor-element elementor-element-1ff7660 e-flex e-con-boxed e-con e-child\" data-id=\"1ff7660\" data-element_type=\"container\" data-e-type=\"container\">\n\t\t\t\t\t<div class=\"e-con-inner\">\n\t\t\t\t<div class=\"elementor-element elementor-element-55559dc elementor-widget elementor-widget-heading\" data-id=\"55559dc\" data-element_type=\"widget\" data-e-type=\"widget\" data-widget_type=\"heading.default\">\n\t\t\t\t<div class=\"elementor-widget-container\">\n\t\t\t\t\t<h2 class=\"elementor-heading-title elementor-size-default\">Nawi\u0105\u017c z nami wsp\u00f3\u0142prac\u0119<\/h2>\t\t\t\t<\/div>\n\t\t\t\t<\/div>\n\t\t\t\t<div class=\"elementor-element elementor-element-c056ae9 elementor-button-align-center elementor-widget elementor-widget-form\" data-id=\"c056ae9\" data-element_type=\"widget\" data-e-type=\"widget\" data-settings=\"{&quot;step_next_label&quot;:&quot;Nast\\u0119pny&quot;,&quot;step_previous_label&quot;:&quot;Poprzedni&quot;,&quot;button_width&quot;:&quot;100&quot;,&quot;step_type&quot;:&quot;number_text&quot;,&quot;step_icon_shape&quot;:&quot;circle&quot;}\" data-widget_type=\"form.default\">\n\t\t\t\t<div class=\"elementor-widget-container\">\n\t\t\t\t\t\t\t<form class=\"elementor-form\" method=\"post\" name=\"Napisz do nas\">\n\t\t\t<input type=\"hidden\" name=\"post_id\" value=\"930\"\/>\n\t\t\t<input type=\"hidden\" name=\"form_id\" value=\"c056ae9\"\/>\n\t\t\t<input type=\"hidden\" name=\"referer_title\" value=\"Dla dystrybutor\u00f3w - Goldberry Lighting\" \/>\n\n\t\t\t\t\t\t\t<input type=\"hidden\" name=\"queried_id\" value=\"930\"\/>\n\t\t\t\n\t\t\t<div class=\"elementor-form-fields-wrapper elementor-labels-\">\n\t\t\t\t\t\t\t\t<div class=\"elementor-field-type-text elementor-field-group elementor-column elementor-field-group-name elementor-col-100 elementor-field-required\">\n\t\t\t\t\t\t\t\t\t\t\t\t<label for=\"form-field-name\" class=\"elementor-field-label elementor-screen-only\">\n\t\t\t\t\t\t\t\tImi\u0119 i Nazwisko\t\t\t\t\t\t\t<\/label>\n\t\t\t\t\t\t\t\t\t\t\t\t\t\t<input size=\"1\" type=\"text\" name=\"form_fields[name]\" id=\"form-field-name\" class=\"elementor-field elementor-size-md  elementor-field-textual\" placeholder=\"Imi\u0119 i Nazwisko\" required=\"required\" aria-required=\"true\">\n\t\t\t\t\t\t\t\t\t\t\t<\/div>\n\t\t\t\t\t\t\t\t<div class=\"elementor-field-type-email elementor-field-group elementor-column elementor-field-group-email elementor-col-100 elementor-field-required\">\n\t\t\t\t\t\t\t\t\t\t\t\t<label for=\"form-field-email\" class=\"elementor-field-label elementor-screen-only\">\n\t\t\t\t\t\t\t\tE-mail\t\t\t\t\t\t\t<\/label>\n\t\t\t\t\t\t\t\t\t\t\t\t\t\t<input size=\"1\" type=\"email\" name=\"form_fields[email]\" id=\"form-field-email\" class=\"elementor-field elementor-size-md  elementor-field-textual\" placeholder=\"E-mail\" required=\"required\" aria-required=\"true\">\n\t\t\t\t\t\t\t\t\t\t\t<\/div>\n\t\t\t\t\t\t\t\t<div class=\"elementor-field-type-tel elementor-field-group elementor-column elementor-field-group-field_9ee02f3 elementor-col-100\">\n\t\t\t\t\t\t\t\t\t\t\t\t<label for=\"form-field-field_9ee02f3\" class=\"elementor-field-label elementor-screen-only\">\n\t\t\t\t\t\t\t\tTelefon\t\t\t\t\t\t\t<\/label>\n\t\t\t\t\t\t\t\t<input size=\"1\" type=\"tel\" name=\"form_fields[field_9ee02f3]\" id=\"form-field-field_9ee02f3\" class=\"elementor-field elementor-size-md  elementor-field-textual\" placeholder=\"Telefon\" pattern=\"[0-9()#&amp;+*-=.]+\" title=\"Akceptowane s\u0105 jedynie cyfry i znaki telefoniczne (#,-,*).\">\n\n\t\t\t\t\t\t<\/div>\n\t\t\t\t\t\t\t\t<div class=\"elementor-field-type-text elementor-field-group elementor-column elementor-field-group-field_12106c7 elementor-col-100\">\n\t\t\t\t\t\t\t\t\t\t\t\t<label for=\"form-field-field_12106c7\" class=\"elementor-field-label elementor-screen-only\">\n\t\t\t\t\t\t\t\tNazwa firmy\t\t\t\t\t\t\t<\/label>\n\t\t\t\t\t\t\t\t\t\t\t\t\t\t<input size=\"1\" type=\"text\" name=\"form_fields[field_12106c7]\" id=\"form-field-field_12106c7\" class=\"elementor-field elementor-size-md  elementor-field-textual\" placeholder=\"Nazwa firmy\">\n\t\t\t\t\t\t\t\t\t\t\t<\/div>\n\t\t\t\t\t\t\t\t<div class=\"elementor-field-type-text elementor-field-group elementor-column elementor-field-group-field_ff82949 elementor-col-100\">\n\t\t\t\t\t\t\t\t\t\t\t\t<label for=\"form-field-field_ff82949\" class=\"elementor-field-label elementor-screen-only\">\n\t\t\t\t\t\t\t\tAdres\t\t\t\t\t\t\t<\/label>\n\t\t\t\t\t\t\t\t\t\t\t\t\t\t<input size=\"1\" type=\"text\" name=\"form_fields[field_ff82949]\" id=\"form-field-field_ff82949\" class=\"elementor-field elementor-size-md  elementor-field-textual\" placeholder=\"Adres\">\n\t\t\t\t\t\t\t\t\t\t\t<\/div>\n\t\t\t\t\t\t\t\t<div class=\"elementor-field-type-textarea elementor-field-group elementor-column elementor-field-group-message elementor-col-100\">\n\t\t\t\t\t\t\t\t\t\t\t\t<label for=\"form-field-message\" class=\"elementor-field-label elementor-screen-only\">\n\t\t\t\t\t\t\t\tWiadomo\u015b\u0107\t\t\t\t\t\t\t<\/label>\n\t\t\t\t\t\t<textarea class=\"elementor-field-textual elementor-field  elementor-size-md\" name=\"form_fields[message]\" id=\"form-field-message\" rows=\"4\" placeholder=\"Wiadomo\u015b\u0107\"><\/textarea>\t\t\t\t<\/div>\n\t\t\t\t\t\t\t\t<div class=\"elementor-field-group elementor-column elementor-field-type-submit elementor-col-100 e-form__buttons\">\n\t\t\t\t\t<button class=\"elementor-button elementor-size-md\" type=\"submit\">\n\t\t\t\t\t\t<span class=\"elementor-button-content-wrapper\">\n\t\t\t\t\t\t\t\t\t\t\t\t\t\t\t\t\t\t\t\t\t\t<span class=\"elementor-button-text\">Wy\u015blij<\/span>\n\t\t\t\t\t\t\t\t\t\t\t\t\t<\/span>\n\t\t\t\t\t<\/button>\n\t\t\t\t<\/div>\n\t\t\t<\/div>\n\t\t<\/form>\n\t\t\t\t\t\t<\/div>\n\t\t\t\t<\/div>\n\t\t\t\t\t<\/div>\n\t\t\t\t<\/div>\n\t\t\t\t<div class=\"elementor-element elementor-element-c0475d7 elementor-widget elementor-widget-image\" data-id=\"c0475d7\" data-element_type=\"widget\" data-e-type=\"widget\" data-widget_type=\"image.default\">\n\t\t\t\t<div class=\"elementor-widget-container\">\n\t\t\t\t\t\t\t\t\t\t\t\t\t\t\t<img fetchpriority=\"high\" decoding=\"async\" width=\"651\" height=\"900\" src=\"https:\/\/goldberry.lighting\/wp-content\/uploads\/mia_postument.jpg\" class=\"attachment-large size-large wp-image-916\" alt=\"\" srcset=\"https:\/\/goldberry.lighting\/wp-content\/uploads\/mia_postument.jpg 651w, https:\/\/goldberry.lighting\/wp-content\/uploads\/mia_postument-9x12.jpg 9w, https:\/\/goldberry.lighting\/wp-content\/uploads\/mia_postument-600x829.jpg 600w\" sizes=\"(max-width: 651px) 100vw, 651px\" \/>\t\t\t\t\t\t\t\t\t\t\t\t\t\t\t<\/div>\n\t\t\t\t<\/div>\n\t\t\t\t\t<\/div>\n\t\t\t\t<\/div>\n\t\t\t\t\t<\/div>\n\t\t\t\t<\/div>\n\t\t<div class=\"elementor-element elementor-element-a7c1011 e-flex e-con-boxed e-con e-parent\" data-id=\"a7c1011\" data-element_type=\"container\" data-e-type=\"container\">\n\t\t\t\t\t<div class=\"e-con-inner\">\n\t\t<div class=\"elementor-element elementor-element-81621d7 e-grid e-con-boxed e-con e-child\" data-id=\"81621d7\" data-element_type=\"container\" data-e-type=\"container\">\n\t\t\t\t\t<div class=\"e-con-inner\">\n\t\t\t\t<div class=\"elementor-element elementor-element-09073c5 elementor-widget elementor-widget-image\" data-id=\"09073c5\" data-element_type=\"widget\" data-e-type=\"widget\" data-widget_type=\"image.default\">\n\t\t\t\t<div class=\"elementor-widget-container\">\n\t\t\t\t\t\t\t\t\t\t\t\t\t\t\t<img decoding=\"async\" width=\"132\" height=\"131\" src=\"https:\/\/goldberry.lighting\/wp-content\/uploads\/Warstwa-28.png\" class=\"attachment-full size-full wp-image-278\" alt=\"\" srcset=\"https:\/\/goldberry.lighting\/wp-content\/uploads\/Warstwa-28.png 132w, https:\/\/goldberry.lighting\/wp-content\/uploads\/Warstwa-28-12x12.png 12w, https:\/\/goldberry.lighting\/wp-content\/uploads\/Warstwa-28-100x100.png 100w\" sizes=\"(max-width: 132px) 100vw, 132px\" \/>\t\t\t\t\t\t\t\t\t\t\t\t\t\t\t<\/div>\n\t\t\t\t<\/div>\n\t\t\t\t<div class=\"elementor-element elementor-element-95ad939 elementor-widget elementor-widget-text-editor\" data-id=\"95ad939\" data-element_type=\"widget\" data-e-type=\"widget\" data-widget_type=\"text-editor.default\">\n\t\t\t\t<div class=\"elementor-widget-container\">\n\t\t\t\t\t\t\t\t\t<p>Zapraszamy do wsp\u00f3\u0142pracy dystrybutor\u00f3w i sklepy, kt\u00f3re pragn\u0105 wzbogaci\u0107 swoj\u0105 ofert\u0119 o wyj\u0105tkowe o\u015bwietlenie klasy premium. Oferujemy elastyczne i atrakcyjne warunki handlowe oraz wsparcie marketingowe, kt\u00f3re pomo\u017ce Pa\u0144stwu wyr\u00f3\u017cni\u0107 si\u0119 na rynku. Wspieramy naszych Partner\u00f3w dostarczaj\u0105c pe\u0142ne modele 3D naszych produkt\u00f3w, aby jak najlepiej zaprezentowa\u0107 kolekcj\u0119.<\/p><p>Zapraszamy do kontaktu.<br \/><em>Zesp\u00f3\u0142 GOLDBERRY<\/em><\/p>\t\t\t\t\t\t\t\t<\/div>\n\t\t\t\t<\/div>\n\t\t\t\t\t<\/div>\n\t\t\t\t<\/div>\n\t\t\t\t\t<\/div>\n\t\t\t\t<\/div>\n\t\t\t\t<\/div>\n\t\t","protected":false},"excerpt":{"rendered":"<p>WSP\u00d3\u0141PRACA DLA DYSTRYBUTOR\u00d3W DLA ARCHITEKT\u00d3W Nawi\u0105\u017c z nami wsp\u00f3\u0142prac\u0119 Zapraszamy do wsp\u00f3\u0142pracy dystrybutor\u00f3w i sklepy, kt\u00f3re pragn\u0105 wzbogaci\u0107 swoj\u0105 ofert\u0119 o wyj\u0105tkowe o\u015bwietlenie klasy premium. Oferujemy elastyczne i atrakcyjne warunki handlowe oraz wsparcie marketingowe, kt\u00f3re pomo\u017ce Pa\u0144stwu wyr\u00f3\u017cni\u0107 si\u0119 na rynku. Wspieramy naszych Partner\u00f3w dostarczaj\u0105c pe\u0142ne modele 3D naszych produkt\u00f3w, aby jak najlepiej zaprezentowa\u0107 kolekcj\u0119. [&hellip;]<\/p>\n","protected":false},"author":1,"featured_media":0,"parent":0,"menu_order":0,"comment_status":"closed","ping_status":"closed","template":"","meta":{"inline_featured_image":false,"footnotes":""},"class_list":["post-930","page","type-page","status-publish","hentry"],"yoast_head":"<!-- This site is optimized with the Yoast SEO plugin v27.3 - https:\/\/yoast.com\/product\/yoast-seo-wordpress\/ -->\n<title>Dla dystrybutor\u00f3w - Goldberry Lighting<\/title>\n<meta name=\"robots\" content=\"index, follow, max-snippet:-1, max-image-preview:large, max-video-preview:-1\" \/>\n<link rel=\"canonical\" href=\"https:\/\/goldberry.lighting\/en\/dla-dystrybutorow\/\" \/>\n<meta property=\"og:locale\" content=\"en_GB\" \/>\n<meta property=\"og:type\" content=\"article\" \/>\n<meta property=\"og:title\" content=\"Dla dystrybutor\u00f3w - Goldberry Lighting\" \/>\n<meta property=\"og:description\" content=\"WSP\u00d3\u0141PRACA DLA DYSTRYBUTOR\u00d3W DLA ARCHITEKT\u00d3W Nawi\u0105\u017c z nami wsp\u00f3\u0142prac\u0119 Zapraszamy do wsp\u00f3\u0142pracy dystrybutor\u00f3w i sklepy, kt\u00f3re pragn\u0105 wzbogaci\u0107 swoj\u0105 ofert\u0119 o wyj\u0105tkowe o\u015bwietlenie klasy premium. Oferujemy elastyczne i atrakcyjne warunki handlowe oraz wsparcie marketingowe, kt\u00f3re pomo\u017ce Pa\u0144stwu wyr\u00f3\u017cni\u0107 si\u0119 na rynku. Wspieramy naszych Partner\u00f3w dostarczaj\u0105c pe\u0142ne modele 3D naszych produkt\u00f3w, aby jak najlepiej zaprezentowa\u0107 kolekcj\u0119. [&hellip;]\" \/>\n<meta property=\"og:url\" content=\"https:\/\/goldberry.lighting\/en\/dla-dystrybutorow\/\" \/>\n<meta property=\"og:site_name\" content=\"Goldberry Lighting\" \/>\n<meta property=\"article:publisher\" content=\"https:\/\/www.facebook.com\/MagdaFornalWnetrza\" \/>\n<meta property=\"article:modified_time\" content=\"2024-11-15T07:02:06+00:00\" \/>\n<meta property=\"og:image\" content=\"https:\/\/goldberry.lighting\/wp-content\/uploads\/mia_postument.jpg\" \/>\n\t<meta property=\"og:image:width\" content=\"651\" \/>\n\t<meta property=\"og:image:height\" content=\"900\" \/>\n\t<meta property=\"og:image:type\" content=\"image\/jpeg\" \/>\n<meta name=\"twitter:card\" content=\"summary_large_image\" \/>\n<script type=\"application\/ld+json\" class=\"yoast-schema-graph\">{\"@context\":\"https:\\\/\\\/schema.org\",\"@graph\":[{\"@type\":\"WebPage\",\"@id\":\"https:\\\/\\\/goldberry.lighting\\\/dla-dystrybutorow\\\/\",\"url\":\"https:\\\/\\\/goldberry.lighting\\\/dla-dystrybutorow\\\/\",\"name\":\"Dla dystrybutor\u00f3w - Goldberry Lighting\",\"isPartOf\":{\"@id\":\"https:\\\/\\\/goldberry.lighting\\\/#website\"},\"primaryImageOfPage\":{\"@id\":\"https:\\\/\\\/goldberry.lighting\\\/dla-dystrybutorow\\\/#primaryimage\"},\"image\":{\"@id\":\"https:\\\/\\\/goldberry.lighting\\\/dla-dystrybutorow\\\/#primaryimage\"},\"thumbnailUrl\":\"https:\\\/\\\/goldberry.lighting\\\/wp-content\\\/uploads\\\/mia_postument.jpg\",\"datePublished\":\"2024-10-29T07:45:01+00:00\",\"dateModified\":\"2024-11-15T07:02:06+00:00\",\"breadcrumb\":{\"@id\":\"https:\\\/\\\/goldberry.lighting\\\/dla-dystrybutorow\\\/#breadcrumb\"},\"inLanguage\":\"en-GB\",\"potentialAction\":[{\"@type\":\"ReadAction\",\"target\":[\"https:\\\/\\\/goldberry.lighting\\\/dla-dystrybutorow\\\/\"]}]},{\"@type\":\"ImageObject\",\"inLanguage\":\"en-GB\",\"@id\":\"https:\\\/\\\/goldberry.lighting\\\/dla-dystrybutorow\\\/#primaryimage\",\"url\":\"https:\\\/\\\/goldberry.lighting\\\/wp-content\\\/uploads\\\/mia_postument.jpg\",\"contentUrl\":\"https:\\\/\\\/goldberry.lighting\\\/wp-content\\\/uploads\\\/mia_postument.jpg\"},{\"@type\":\"BreadcrumbList\",\"@id\":\"https:\\\/\\\/goldberry.lighting\\\/dla-dystrybutorow\\\/#breadcrumb\",\"itemListElement\":[{\"@type\":\"ListItem\",\"position\":1,\"name\":\"Home\",\"item\":\"https:\\\/\\\/goldberry.lighting\\\/\"},{\"@type\":\"ListItem\",\"position\":2,\"name\":\"Dla dystrybutor\u00f3w\"}]},{\"@type\":\"WebSite\",\"@id\":\"https:\\\/\\\/goldberry.lighting\\\/#website\",\"url\":\"https:\\\/\\\/goldberry.lighting\\\/\",\"name\":\"Goldberry Lighting\",\"description\":\"lampy GOLDBERRY to propozycja dla tych, kt\u00f3rzy kochaj\u0105 tworzy\u0107 DOM...\",\"publisher\":{\"@id\":\"https:\\\/\\\/goldberry.lighting\\\/#organization\"},\"potentialAction\":[{\"@type\":\"SearchAction\",\"target\":{\"@type\":\"EntryPoint\",\"urlTemplate\":\"https:\\\/\\\/goldberry.lighting\\\/?s={search_term_string}\"},\"query-input\":{\"@type\":\"PropertyValueSpecification\",\"valueRequired\":true,\"valueName\":\"search_term_string\"}}],\"inLanguage\":\"en-GB\"},{\"@type\":\"Organization\",\"@id\":\"https:\\\/\\\/goldberry.lighting\\\/#organization\",\"name\":\"Goldberry Lighting\",\"url\":\"https:\\\/\\\/goldberry.lighting\\\/\",\"logo\":{\"@type\":\"ImageObject\",\"inLanguage\":\"en-GB\",\"@id\":\"https:\\\/\\\/goldberry.lighting\\\/#\\\/schema\\\/logo\\\/image\\\/\",\"url\":\"https:\\\/\\\/goldberry.lighting\\\/wp-content\\\/uploads\\\/2023\\\/02\\\/Warstwa-5.png\",\"contentUrl\":\"https:\\\/\\\/goldberry.lighting\\\/wp-content\\\/uploads\\\/2023\\\/02\\\/Warstwa-5.png\",\"width\":276,\"height\":53,\"caption\":\"Goldberry Lighting\"},\"image\":{\"@id\":\"https:\\\/\\\/goldberry.lighting\\\/#\\\/schema\\\/logo\\\/image\\\/\"},\"sameAs\":[\"https:\\\/\\\/www.facebook.com\\\/MagdaFornalWnetrza\"]}]}<\/script>\n<!-- \/ Yoast SEO plugin. -->","yoast_head_json":{"title":"Dla dystrybutor\u00f3w - Goldberry Lighting","robots":{"index":"index","follow":"follow","max-snippet":"max-snippet:-1","max-image-preview":"max-image-preview:large","max-video-preview":"max-video-preview:-1"},"canonical":"https:\/\/goldberry.lighting\/en\/dla-dystrybutorow\/","og_locale":"en_GB","og_type":"article","og_title":"Dla dystrybutor\u00f3w - Goldberry Lighting","og_description":"WSP\u00d3\u0141PRACA DLA DYSTRYBUTOR\u00d3W DLA ARCHITEKT\u00d3W Nawi\u0105\u017c z nami wsp\u00f3\u0142prac\u0119 Zapraszamy do wsp\u00f3\u0142pracy dystrybutor\u00f3w i sklepy, kt\u00f3re pragn\u0105 wzbogaci\u0107 swoj\u0105 ofert\u0119 o wyj\u0105tkowe o\u015bwietlenie klasy premium. Oferujemy elastyczne i atrakcyjne warunki handlowe oraz wsparcie marketingowe, kt\u00f3re pomo\u017ce Pa\u0144stwu wyr\u00f3\u017cni\u0107 si\u0119 na rynku. Wspieramy naszych Partner\u00f3w dostarczaj\u0105c pe\u0142ne modele 3D naszych produkt\u00f3w, aby jak najlepiej zaprezentowa\u0107 kolekcj\u0119. [&hellip;]","og_url":"https:\/\/goldberry.lighting\/en\/dla-dystrybutorow\/","og_site_name":"Goldberry Lighting","article_publisher":"https:\/\/www.facebook.com\/MagdaFornalWnetrza","article_modified_time":"2024-11-15T07:02:06+00:00","og_image":[{"width":651,"height":900,"url":"https:\/\/goldberry.lighting\/wp-content\/uploads\/mia_postument.jpg","type":"image\/jpeg"}],"twitter_card":"summary_large_image","schema":{"@context":"https:\/\/schema.org","@graph":[{"@type":"WebPage","@id":"https:\/\/goldberry.lighting\/dla-dystrybutorow\/","url":"https:\/\/goldberry.lighting\/dla-dystrybutorow\/","name":"Dla dystrybutor\u00f3w - Goldberry Lighting","isPartOf":{"@id":"https:\/\/goldberry.lighting\/#website"},"primaryImageOfPage":{"@id":"https:\/\/goldberry.lighting\/dla-dystrybutorow\/#primaryimage"},"image":{"@id":"https:\/\/goldberry.lighting\/dla-dystrybutorow\/#primaryimage"},"thumbnailUrl":"https:\/\/goldberry.lighting\/wp-content\/uploads\/mia_postument.jpg","datePublished":"2024-10-29T07:45:01+00:00","dateModified":"2024-11-15T07:02:06+00:00","breadcrumb":{"@id":"https:\/\/goldberry.lighting\/dla-dystrybutorow\/#breadcrumb"},"inLanguage":"en-GB","potentialAction":[{"@type":"ReadAction","target":["https:\/\/goldberry.lighting\/dla-dystrybutorow\/"]}]},{"@type":"ImageObject","inLanguage":"en-GB","@id":"https:\/\/goldberry.lighting\/dla-dystrybutorow\/#primaryimage","url":"https:\/\/goldberry.lighting\/wp-content\/uploads\/mia_postument.jpg","contentUrl":"https:\/\/goldberry.lighting\/wp-content\/uploads\/mia_postument.jpg"},{"@type":"BreadcrumbList","@id":"https:\/\/goldberry.lighting\/dla-dystrybutorow\/#breadcrumb","itemListElement":[{"@type":"ListItem","position":1,"name":"Home","item":"https:\/\/goldberry.lighting\/"},{"@type":"ListItem","position":2,"name":"Dla dystrybutor\u00f3w"}]},{"@type":"WebSite","@id":"https:\/\/goldberry.lighting\/#website","url":"https:\/\/goldberry.lighting\/","name":"Goldberry Lighting","description":"lampy GOLDBERRY to propozycja dla tych, kt\u00f3rzy kochaj\u0105 tworzy\u0107 DOM...","publisher":{"@id":"https:\/\/goldberry.lighting\/#organization"},"potentialAction":[{"@type":"SearchAction","target":{"@type":"EntryPoint","urlTemplate":"https:\/\/goldberry.lighting\/?s={search_term_string}"},"query-input":{"@type":"PropertyValueSpecification","valueRequired":true,"valueName":"search_term_string"}}],"inLanguage":"en-GB"},{"@type":"Organization","@id":"https:\/\/goldberry.lighting\/#organization","name":"Goldberry Lighting","url":"https:\/\/goldberry.lighting\/","logo":{"@type":"ImageObject","inLanguage":"en-GB","@id":"https:\/\/goldberry.lighting\/#\/schema\/logo\/image\/","url":"https:\/\/goldberry.lighting\/wp-content\/uploads\/2023\/02\/Warstwa-5.png","contentUrl":"https:\/\/goldberry.lighting\/wp-content\/uploads\/2023\/02\/Warstwa-5.png","width":276,"height":53,"caption":"Goldberry Lighting"},"image":{"@id":"https:\/\/goldberry.lighting\/#\/schema\/logo\/image\/"},"sameAs":["https:\/\/www.facebook.com\/MagdaFornalWnetrza"]}]}},"_links":{"self":[{"href":"https:\/\/goldberry.lighting\/en\/wp-json\/wp\/v2\/pages\/930","targetHints":{"allow":["GET"]}}],"collection":[{"href":"https:\/\/goldberry.lighting\/en\/wp-json\/wp\/v2\/pages"}],"about":[{"href":"https:\/\/goldberry.lighting\/en\/wp-json\/wp\/v2\/types\/page"}],"author":[{"embeddable":true,"href":"https:\/\/goldberry.lighting\/en\/wp-json\/wp\/v2\/users\/1"}],"replies":[{"embeddable":true,"href":"https:\/\/goldberry.lighting\/en\/wp-json\/wp\/v2\/comments?post=930"}],"version-history":[{"count":37,"href":"https:\/\/goldberry.lighting\/en\/wp-json\/wp\/v2\/pages\/930\/revisions"}],"predecessor-version":[{"id":1536,"href":"https:\/\/goldberry.lighting\/en\/wp-json\/wp\/v2\/pages\/930\/revisions\/1536"}],"wp:attachment":[{"href":"https:\/\/goldberry.lighting\/en\/wp-json\/wp\/v2\/media?parent=930"}],"curies":[{"name":"wp","href":"https:\/\/api.w.org\/{rel}","templated":true}]}}