{"id":705,"date":"2024-10-08T10:41:52","date_gmt":"2024-10-08T08:41:52","guid":{"rendered":"https:\/\/goldberry.lighting\/?page_id=705"},"modified":"2024-11-13T16:55:48","modified_gmt":"2024-11-13T15:55:48","slug":"sklep","status":"publish","type":"page","link":"https:\/\/goldberry.lighting\/en\/sklep\/","title":{"rendered":"Shop"},"content":{"rendered":"<div data-elementor-type=\"wp-page\" data-elementor-id=\"705\" class=\"elementor elementor-705\" data-elementor-post-type=\"page\">\n\t\t\t\t<div class=\"elementor-element elementor-element-817086a e-flex e-con-boxed e-con e-parent\" data-id=\"817086a\" data-element_type=\"container\" data-e-type=\"container\">\n\t\t\t\t\t<div class=\"e-con-inner\">\n\t\t\t\t<div class=\"elementor-element elementor-element-2fe1d42 elementor-grid-3 elementor-grid-tablet-3 elementor-grid-mobile-2 elementor-products-grid elementor-wc-products elementor-widget elementor-widget-woocommerce-products\" data-id=\"2fe1d42\" data-element_type=\"widget\" data-e-type=\"widget\" data-widget_type=\"woocommerce-products.default\">\n\t\t\t\t<div class=\"elementor-widget-container\">\n\t\t\t\t\t<div class=\"woocommerce columns-3\"><ul class=\"products elementor-grid columns-3\">\n<li class=\"product type-product post-403 status-publish first instock product_cat-bez-kategorii has-post-thumbnail shipping-taxable purchasable product-type-variable has-default-attributes\">\n\t<a href=\"https:\/\/goldberry.lighting\/en\/product\/lola\/\" class=\"woocommerce-LoopProduct-link woocommerce-loop-product__link\"><img fetchpriority=\"high\" decoding=\"async\" width=\"600\" height=\"600\" src=\"https:\/\/goldberry.lighting\/wp-content\/uploads\/LOLA_tea-600x600.jpg\" class=\"attachment-woocommerce_thumbnail size-woocommerce_thumbnail\" alt=\"Lola\" srcset=\"https:\/\/goldberry.lighting\/wp-content\/uploads\/LOLA_tea-600x600.jpg 600w, https:\/\/goldberry.lighting\/wp-content\/uploads\/LOLA_tea-768x768.jpg 768w, https:\/\/goldberry.lighting\/wp-content\/uploads\/LOLA_tea-12x12.jpg 12w, https:\/\/goldberry.lighting\/wp-content\/uploads\/LOLA_tea-100x100.jpg 100w, https:\/\/goldberry.lighting\/wp-content\/uploads\/LOLA_tea.jpg 900w\" sizes=\"(max-width: 600px) 100vw, 600px\" \/><h2 class=\"woocommerce-loop-product__title\">Lola<\/h2>\n\t<span class=\"price\"><span class=\"price-prefix\">Od <\/span><span class=\"woocommerce-Price-amount amount\"><bdi>3200&nbsp;<span class=\"woocommerce-Price-currencySymbol\">&#122;&#322;<\/span><\/bdi><\/span><\/span>\n<\/a><a href=\"https:\/\/goldberry.lighting\/en\/product\/lola\/\" aria-describedby=\"woocommerce_loop_add_to_cart_link_describedby_403\" data-quantity=\"1\" class=\"button product_type_variable add_to_cart_button\" data-product_id=\"403\" data-product_sku=\"\" aria-label=\"Select options for \u201cLola\u201d\" rel=\"nofollow\" data-no-translation=\"\" data-trp-gettext=\"\" data-no-translation-aria-label=\"\">Select options<\/a>\t<span id=\"woocommerce_loop_add_to_cart_link_describedby_403\" class=\"screen-reader-text\">\n\t\tThis product has multiple variants. The options may be chosen on the product page\t<\/span>\n<\/li>\n<li class=\"product type-product post-398 status-publish instock product_cat-bez-kategorii has-post-thumbnail shipping-taxable purchasable product-type-variable has-default-attributes\">\n\t<a href=\"https:\/\/goldberry.lighting\/en\/product\/cassy\/\" class=\"woocommerce-LoopProduct-link woocommerce-loop-product__link\"><img decoding=\"async\" width=\"600\" height=\"600\" src=\"https:\/\/goldberry.lighting\/wp-content\/uploads\/CASSY_milk-600x600.jpg\" class=\"attachment-woocommerce_thumbnail size-woocommerce_thumbnail\" alt=\"Cassy\" srcset=\"https:\/\/goldberry.lighting\/wp-content\/uploads\/CASSY_milk-600x600.jpg 600w, https:\/\/goldberry.lighting\/wp-content\/uploads\/CASSY_milk-768x768.jpg 768w, https:\/\/goldberry.lighting\/wp-content\/uploads\/CASSY_milk-12x12.jpg 12w, https:\/\/goldberry.lighting\/wp-content\/uploads\/CASSY_milk-100x100.jpg 100w, https:\/\/goldberry.lighting\/wp-content\/uploads\/CASSY_milk.jpg 900w\" sizes=\"(max-width: 600px) 100vw, 600px\" \/><h2 class=\"woocommerce-loop-product__title\">Cassy<\/h2>\n\t<span class=\"price\"><span class=\"price-prefix\">Od <\/span><span class=\"woocommerce-Price-amount amount\"><bdi>2600&nbsp;<span class=\"woocommerce-Price-currencySymbol\">&#122;&#322;<\/span><\/bdi><\/span><\/span>\n<\/a><a href=\"https:\/\/goldberry.lighting\/en\/product\/cassy\/\" aria-describedby=\"woocommerce_loop_add_to_cart_link_describedby_398\" data-quantity=\"1\" class=\"button product_type_variable add_to_cart_button\" data-product_id=\"398\" data-product_sku=\"\" aria-label=\"Select options for \u201cCassy\u201d\" rel=\"nofollow\" data-no-translation=\"\" data-trp-gettext=\"\" data-no-translation-aria-label=\"\">Select options<\/a>\t<span id=\"woocommerce_loop_add_to_cart_link_describedby_398\" class=\"screen-reader-text\">\n\t\tThis product has multiple variants. The options may be chosen on the product page\t<\/span>\n<\/li>\n<li class=\"product type-product post-396 status-publish last instock product_cat-bez-kategorii has-post-thumbnail shipping-taxable purchasable product-type-variable has-default-attributes\">\n\t<a href=\"https:\/\/goldberry.lighting\/en\/product\/petite-2\/\" class=\"woocommerce-LoopProduct-link woocommerce-loop-product__link\"><img decoding=\"async\" width=\"600\" height=\"600\" src=\"https:\/\/goldberry.lighting\/wp-content\/uploads\/PETITE_tea-600x600.jpg\" class=\"attachment-woocommerce_thumbnail size-woocommerce_thumbnail\" alt=\"Petite\" srcset=\"https:\/\/goldberry.lighting\/wp-content\/uploads\/PETITE_tea-600x600.jpg 600w, https:\/\/goldberry.lighting\/wp-content\/uploads\/PETITE_tea-768x768.jpg 768w, https:\/\/goldberry.lighting\/wp-content\/uploads\/PETITE_tea-12x12.jpg 12w, https:\/\/goldberry.lighting\/wp-content\/uploads\/PETITE_tea-100x100.jpg 100w, https:\/\/goldberry.lighting\/wp-content\/uploads\/PETITE_tea.jpg 900w\" sizes=\"(max-width: 600px) 100vw, 600px\" \/><h2 class=\"woocommerce-loop-product__title\">Petite<\/h2>\n\t<span class=\"price\"><span class=\"price-prefix\">Od <\/span><span class=\"woocommerce-Price-amount amount\"><bdi>2300&nbsp;<span class=\"woocommerce-Price-currencySymbol\">&#122;&#322;<\/span><\/bdi><\/span><\/span>\n<\/a><a href=\"https:\/\/goldberry.lighting\/en\/product\/petite-2\/\" aria-describedby=\"woocommerce_loop_add_to_cart_link_describedby_396\" data-quantity=\"1\" class=\"button product_type_variable add_to_cart_button\" data-product_id=\"396\" data-product_sku=\"\" aria-label=\"Select options for \u201cPetite\u201d\" rel=\"nofollow\" data-no-translation=\"\" data-trp-gettext=\"\" data-no-translation-aria-label=\"\">Select options<\/a>\t<span id=\"woocommerce_loop_add_to_cart_link_describedby_396\" class=\"screen-reader-text\">\n\t\tThis product has multiple variants. The options may be chosen on the product page\t<\/span>\n<\/li>\n<li class=\"product type-product post-94 status-publish first instock product_cat-bez-kategorii has-post-thumbnail shipping-taxable purchasable product-type-variable has-default-attributes\">\n\t<a href=\"https:\/\/goldberry.lighting\/en\/product\/petite\/\" class=\"woocommerce-LoopProduct-link woocommerce-loop-product__link\"><img loading=\"lazy\" decoding=\"async\" width=\"600\" height=\"600\" src=\"https:\/\/goldberry.lighting\/wp-content\/uploads\/PETITE_T_milk_white-600x600.jpg\" class=\"attachment-woocommerce_thumbnail size-woocommerce_thumbnail\" alt=\"Mia\" srcset=\"https:\/\/goldberry.lighting\/wp-content\/uploads\/PETITE_T_milk_white-600x600.jpg 600w, https:\/\/goldberry.lighting\/wp-content\/uploads\/PETITE_T_milk_white-768x768.jpg 768w, https:\/\/goldberry.lighting\/wp-content\/uploads\/PETITE_T_milk_white-12x12.jpg 12w, https:\/\/goldberry.lighting\/wp-content\/uploads\/PETITE_T_milk_white-100x100.jpg 100w, https:\/\/goldberry.lighting\/wp-content\/uploads\/PETITE_T_milk_white.jpg 900w\" sizes=\"(max-width: 600px) 100vw, 600px\" \/><h2 class=\"woocommerce-loop-product__title\">Mia<\/h2>\n\t<span class=\"price\"><span class=\"price-prefix\">Od <\/span><span class=\"woocommerce-Price-amount amount\"><bdi>3600&nbsp;<span class=\"woocommerce-Price-currencySymbol\">&#122;&#322;<\/span><\/bdi><\/span><\/span>\n<\/a><a href=\"https:\/\/goldberry.lighting\/en\/product\/petite\/\" aria-describedby=\"woocommerce_loop_add_to_cart_link_describedby_94\" data-quantity=\"1\" class=\"button product_type_variable add_to_cart_button\" data-product_id=\"94\" data-product_sku=\"\" aria-label=\"Select options for \u201cMia\u201d\" rel=\"nofollow\" data-no-translation=\"\" data-trp-gettext=\"\" data-no-translation-aria-label=\"\">Select options<\/a>\t<span id=\"woocommerce_loop_add_to_cart_link_describedby_94\" class=\"screen-reader-text\">\n\t\tThis product has multiple variants. The options may be chosen on the product page\t<\/span>\n<\/li>\n<\/ul>\n<\/div>\t\t\t\t<\/div>\n\t\t\t\t<\/div>\n\t\t\t\t\t<\/div>\n\t\t\t\t<\/div>\n\t\t\t\t<\/div>","protected":false},"excerpt":{"rendered":"","protected":false},"author":1,"featured_media":0,"parent":0,"menu_order":0,"comment_status":"closed","ping_status":"closed","template":"","meta":{"inline_featured_image":false,"footnotes":""},"class_list":["post-705","page","type-page","status-publish","hentry"],"yoast_head":"<!-- This site is optimized with the Yoast SEO plugin v27.3 - https:\/\/yoast.com\/product\/yoast-seo-wordpress\/ -->\n<title>Sklep - Goldberry Lighting<\/title>\n<meta name=\"robots\" content=\"index, follow, max-snippet:-1, max-image-preview:large, max-video-preview:-1\" \/>\n<link rel=\"canonical\" href=\"https:\/\/goldberry.lighting\/en\/sklep\/\" \/>\n<meta property=\"og:locale\" content=\"en_GB\" \/>\n<meta property=\"og:type\" content=\"article\" \/>\n<meta property=\"og:title\" content=\"Sklep - Goldberry Lighting\" \/>\n<meta property=\"og:url\" content=\"https:\/\/goldberry.lighting\/en\/sklep\/\" \/>\n<meta property=\"og:site_name\" content=\"Goldberry Lighting\" \/>\n<meta property=\"article:publisher\" content=\"https:\/\/www.facebook.com\/MagdaFornalWnetrza\" \/>\n<meta property=\"article:modified_time\" content=\"2024-11-13T15:55:48+00:00\" \/>\n<meta name=\"twitter:card\" content=\"summary_large_image\" \/>\n<script type=\"application\/ld+json\" class=\"yoast-schema-graph\">{\"@context\":\"https:\\\/\\\/schema.org\",\"@graph\":[{\"@type\":\"WebPage\",\"@id\":\"https:\\\/\\\/goldberry.lighting\\\/sklep\\\/\",\"url\":\"https:\\\/\\\/goldberry.lighting\\\/sklep\\\/\",\"name\":\"Sklep - Goldberry Lighting\",\"isPartOf\":{\"@id\":\"https:\\\/\\\/goldberry.lighting\\\/#website\"},\"datePublished\":\"2024-10-08T08:41:52+00:00\",\"dateModified\":\"2024-11-13T15:55:48+00:00\",\"breadcrumb\":{\"@id\":\"https:\\\/\\\/goldberry.lighting\\\/sklep\\\/#breadcrumb\"},\"inLanguage\":\"en-GB\",\"potentialAction\":[{\"@type\":\"ReadAction\",\"target\":[\"https:\\\/\\\/goldberry.lighting\\\/sklep\\\/\"]}]},{\"@type\":\"BreadcrumbList\",\"@id\":\"https:\\\/\\\/goldberry.lighting\\\/sklep\\\/#breadcrumb\",\"itemListElement\":[{\"@type\":\"ListItem\",\"position\":1,\"name\":\"Home\",\"item\":\"https:\\\/\\\/goldberry.lighting\\\/\"},{\"@type\":\"ListItem\",\"position\":2,\"name\":\"Sklep\"}]},{\"@type\":\"WebSite\",\"@id\":\"https:\\\/\\\/goldberry.lighting\\\/#website\",\"url\":\"https:\\\/\\\/goldberry.lighting\\\/\",\"name\":\"Goldberry Lighting\",\"description\":\"lampy GOLDBERRY to propozycja dla tych, kt\u00f3rzy kochaj\u0105 tworzy\u0107 DOM...\",\"publisher\":{\"@id\":\"https:\\\/\\\/goldberry.lighting\\\/#organization\"},\"potentialAction\":[{\"@type\":\"SearchAction\",\"target\":{\"@type\":\"EntryPoint\",\"urlTemplate\":\"https:\\\/\\\/goldberry.lighting\\\/?s={search_term_string}\"},\"query-input\":{\"@type\":\"PropertyValueSpecification\",\"valueRequired\":true,\"valueName\":\"search_term_string\"}}],\"inLanguage\":\"en-GB\"},{\"@type\":\"Organization\",\"@id\":\"https:\\\/\\\/goldberry.lighting\\\/#organization\",\"name\":\"Goldberry Lighting\",\"url\":\"https:\\\/\\\/goldberry.lighting\\\/\",\"logo\":{\"@type\":\"ImageObject\",\"inLanguage\":\"en-GB\",\"@id\":\"https:\\\/\\\/goldberry.lighting\\\/#\\\/schema\\\/logo\\\/image\\\/\",\"url\":\"https:\\\/\\\/goldberry.lighting\\\/wp-content\\\/uploads\\\/2023\\\/02\\\/Warstwa-5.png\",\"contentUrl\":\"https:\\\/\\\/goldberry.lighting\\\/wp-content\\\/uploads\\\/2023\\\/02\\\/Warstwa-5.png\",\"width\":276,\"height\":53,\"caption\":\"Goldberry Lighting\"},\"image\":{\"@id\":\"https:\\\/\\\/goldberry.lighting\\\/#\\\/schema\\\/logo\\\/image\\\/\"},\"sameAs\":[\"https:\\\/\\\/www.facebook.com\\\/MagdaFornalWnetrza\"]}]}<\/script>\n<!-- \/ Yoast SEO plugin. -->","yoast_head_json":{"title":"Sklep - Goldberry Lighting","robots":{"index":"index","follow":"follow","max-snippet":"max-snippet:-1","max-image-preview":"max-image-preview:large","max-video-preview":"max-video-preview:-1"},"canonical":"https:\/\/goldberry.lighting\/en\/sklep\/","og_locale":"en_GB","og_type":"article","og_title":"Sklep - Goldberry Lighting","og_url":"https:\/\/goldberry.lighting\/en\/sklep\/","og_site_name":"Goldberry Lighting","article_publisher":"https:\/\/www.facebook.com\/MagdaFornalWnetrza","article_modified_time":"2024-11-13T15:55:48+00:00","twitter_card":"summary_large_image","schema":{"@context":"https:\/\/schema.org","@graph":[{"@type":"WebPage","@id":"https:\/\/goldberry.lighting\/sklep\/","url":"https:\/\/goldberry.lighting\/sklep\/","name":"Sklep - Goldberry Lighting","isPartOf":{"@id":"https:\/\/goldberry.lighting\/#website"},"datePublished":"2024-10-08T08:41:52+00:00","dateModified":"2024-11-13T15:55:48+00:00","breadcrumb":{"@id":"https:\/\/goldberry.lighting\/sklep\/#breadcrumb"},"inLanguage":"en-GB","potentialAction":[{"@type":"ReadAction","target":["https:\/\/goldberry.lighting\/sklep\/"]}]},{"@type":"BreadcrumbList","@id":"https:\/\/goldberry.lighting\/sklep\/#breadcrumb","itemListElement":[{"@type":"ListItem","position":1,"name":"Home","item":"https:\/\/goldberry.lighting\/"},{"@type":"ListItem","position":2,"name":"Sklep"}]},{"@type":"WebSite","@id":"https:\/\/goldberry.lighting\/#website","url":"https:\/\/goldberry.lighting\/","name":"Goldberry Lighting","description":"lampy GOLDBERRY to propozycja dla tych, kt\u00f3rzy kochaj\u0105 tworzy\u0107 DOM...","publisher":{"@id":"https:\/\/goldberry.lighting\/#organization"},"potentialAction":[{"@type":"SearchAction","target":{"@type":"EntryPoint","urlTemplate":"https:\/\/goldberry.lighting\/?s={search_term_string}"},"query-input":{"@type":"PropertyValueSpecification","valueRequired":true,"valueName":"search_term_string"}}],"inLanguage":"en-GB"},{"@type":"Organization","@id":"https:\/\/goldberry.lighting\/#organization","name":"Goldberry Lighting","url":"https:\/\/goldberry.lighting\/","logo":{"@type":"ImageObject","inLanguage":"en-GB","@id":"https:\/\/goldberry.lighting\/#\/schema\/logo\/image\/","url":"https:\/\/goldberry.lighting\/wp-content\/uploads\/2023\/02\/Warstwa-5.png","contentUrl":"https:\/\/goldberry.lighting\/wp-content\/uploads\/2023\/02\/Warstwa-5.png","width":276,"height":53,"caption":"Goldberry Lighting"},"image":{"@id":"https:\/\/goldberry.lighting\/#\/schema\/logo\/image\/"},"sameAs":["https:\/\/www.facebook.com\/MagdaFornalWnetrza"]}]}},"_links":{"self":[{"href":"https:\/\/goldberry.lighting\/en\/wp-json\/wp\/v2\/pages\/705","targetHints":{"allow":["GET"]}}],"collection":[{"href":"https:\/\/goldberry.lighting\/en\/wp-json\/wp\/v2\/pages"}],"about":[{"href":"https:\/\/goldberry.lighting\/en\/wp-json\/wp\/v2\/types\/page"}],"author":[{"embeddable":true,"href":"https:\/\/goldberry.lighting\/en\/wp-json\/wp\/v2\/users\/1"}],"replies":[{"embeddable":true,"href":"https:\/\/goldberry.lighting\/en\/wp-json\/wp\/v2\/comments?post=705"}],"version-history":[{"count":14,"href":"https:\/\/goldberry.lighting\/en\/wp-json\/wp\/v2\/pages\/705\/revisions"}],"predecessor-version":[{"id":1331,"href":"https:\/\/goldberry.lighting\/en\/wp-json\/wp\/v2\/pages\/705\/revisions\/1331"}],"wp:attachment":[{"href":"https:\/\/goldberry.lighting\/en\/wp-json\/wp\/v2\/media?parent=705"}],"curies":[{"name":"wp","href":"https:\/\/api.w.org\/{rel}","templated":true}]}}