{"id":566,"date":"2024-10-03T13:26:08","date_gmt":"2024-10-03T11:26:08","guid":{"rendered":"https:\/\/goldberry.lighting\/?page_id=566"},"modified":"2024-11-15T07:57:10","modified_gmt":"2024-11-15T06:57:10","slug":"kontakt","status":"publish","type":"page","link":"https:\/\/goldberry.lighting\/en\/kontakt\/","title":{"rendered":"Contact"},"content":{"rendered":"\t\t<div data-elementor-type=\"wp-page\" data-elementor-id=\"566\" class=\"elementor elementor-566\" data-elementor-post-type=\"page\">\n\t\t\t\t<div class=\"elementor-element elementor-element-73b063e e-flex e-con-boxed e-con e-parent\" data-id=\"73b063e\" data-element_type=\"container\" data-e-type=\"container\">\n\t\t\t\t\t<div class=\"e-con-inner\">\n\t\t<div class=\"elementor-element elementor-element-fa2f1df e-grid e-con-boxed e-con e-child\" data-id=\"fa2f1df\" data-element_type=\"container\" data-e-type=\"container\">\n\t\t\t\t\t<div class=\"e-con-inner\">\n\t\t\t\t<div class=\"elementor-element elementor-element-77f42b9 elementor-widget elementor-widget-text-editor\" data-id=\"77f42b9\" data-element_type=\"widget\" data-e-type=\"widget\" data-widget_type=\"text-editor.default\">\n\t\t\t\t<div class=\"elementor-widget-container\">\n\t\t\t\t\t\t\t\t\t<div class=\"elementor-element elementor-element-e6e5b49 elementor-widget elementor-widget-text-editor\" data-id=\"e6e5b49\" data-element_type=\"widget\" data-settings=\"{&quot;_ob_widget_stalker_use&quot;:&quot;no&quot;}\" data-widget_type=\"text-editor.default\"><div class=\"elementor-widget-container\"><strong>GOLDBERRY<\/strong><br \/>TO DESIGN Przemys\u0142aw Fornal<br \/>Ul. Ksi\u0119\u017cycowa 1<br \/>77-121 Pomysk Wielki<br \/>NIP 842 154 01 52<\/div><\/div><div>\u00a0<\/div><div>\u00a0<\/div><div class=\"elementor-element elementor-element-234f5b6 elementor-widget elementor-widget-text-editor\" data-id=\"234f5b6\" data-element_type=\"widget\" data-settings=\"{&quot;_ob_widget_stalker_use&quot;:&quot;no&quot;}\" data-widget_type=\"text-editor.default\"><div class=\"elementor-widget-container\"><strong>Obs\u0142uga Klienta<br \/>sk\u0142adanie zam\u00f3wie\u0144:<\/strong><br \/>tel: 660 480 413<br \/>office@goldberry.lighting<\/div><\/div>\t\t\t\t\t\t\t\t<\/div>\n\t\t\t\t<\/div>\n\t\t<div class=\"elementor-element elementor-element-1ff7660 e-flex e-con-boxed e-con e-child\" data-id=\"1ff7660\" data-element_type=\"container\" data-e-type=\"container\">\n\t\t\t\t\t<div class=\"e-con-inner\">\n\t\t\t\t<div class=\"elementor-element elementor-element-55559dc elementor-widget elementor-widget-heading\" data-id=\"55559dc\" data-element_type=\"widget\" data-e-type=\"widget\" data-widget_type=\"heading.default\">\n\t\t\t\t<div class=\"elementor-widget-container\">\n\t\t\t\t\t<h2 class=\"elementor-heading-title elementor-size-default\">Napisz do nas<\/h2>\t\t\t\t<\/div>\n\t\t\t\t<\/div>\n\t\t\t\t<div class=\"elementor-element elementor-element-c056ae9 elementor-button-align-center elementor-widget elementor-widget-form\" data-id=\"c056ae9\" data-element_type=\"widget\" data-e-type=\"widget\" data-settings=\"{&quot;step_next_label&quot;:&quot;Nast\\u0119pny&quot;,&quot;step_previous_label&quot;:&quot;Poprzedni&quot;,&quot;button_width&quot;:&quot;100&quot;,&quot;step_type&quot;:&quot;number_text&quot;,&quot;step_icon_shape&quot;:&quot;circle&quot;}\" data-widget_type=\"form.default\">\n\t\t\t\t<div class=\"elementor-widget-container\">\n\t\t\t\t\t\t\t<form class=\"elementor-form\" method=\"post\" name=\"Napisz do nas\">\n\t\t\t<input type=\"hidden\" name=\"post_id\" value=\"566\"\/>\n\t\t\t<input type=\"hidden\" name=\"form_id\" value=\"c056ae9\"\/>\n\t\t\t<input type=\"hidden\" name=\"referer_title\" value=\"Kontakt - Goldberry Lighting\" \/>\n\n\t\t\t\t\t\t\t<input type=\"hidden\" name=\"queried_id\" value=\"566\"\/>\n\t\t\t\n\t\t\t<div class=\"elementor-form-fields-wrapper elementor-labels-\">\n\t\t\t\t\t\t\t\t<div class=\"elementor-field-type-text elementor-field-group elementor-column elementor-field-group-name elementor-col-100\">\n\t\t\t\t\t\t\t\t\t\t\t\t<label for=\"form-field-name\" class=\"elementor-field-label elementor-screen-only\">\n\t\t\t\t\t\t\t\tNazwa\t\t\t\t\t\t\t<\/label>\n\t\t\t\t\t\t\t\t\t\t\t\t\t\t<input size=\"1\" type=\"text\" name=\"form_fields[name]\" id=\"form-field-name\" class=\"elementor-field elementor-size-md  elementor-field-textual\" placeholder=\"Nazwa\">\n\t\t\t\t\t\t\t\t\t\t\t<\/div>\n\t\t\t\t\t\t\t\t<div class=\"elementor-field-type-email elementor-field-group elementor-column elementor-field-group-email elementor-col-100 elementor-field-required\">\n\t\t\t\t\t\t\t\t\t\t\t\t<label for=\"form-field-email\" class=\"elementor-field-label elementor-screen-only\">\n\t\t\t\t\t\t\t\tE-mail\t\t\t\t\t\t\t<\/label>\n\t\t\t\t\t\t\t\t\t\t\t\t\t\t<input size=\"1\" type=\"email\" name=\"form_fields[email]\" id=\"form-field-email\" class=\"elementor-field elementor-size-md  elementor-field-textual\" placeholder=\"E-mail\" required=\"required\" aria-required=\"true\">\n\t\t\t\t\t\t\t\t\t\t\t<\/div>\n\t\t\t\t\t\t\t\t<div class=\"elementor-field-type-tel elementor-field-group elementor-column elementor-field-group-field_9ee02f3 elementor-col-100\">\n\t\t\t\t\t\t\t\t\t\t\t\t<label for=\"form-field-field_9ee02f3\" class=\"elementor-field-label elementor-screen-only\">\n\t\t\t\t\t\t\t\tTelefon\t\t\t\t\t\t\t<\/label>\n\t\t\t\t\t\t\t\t<input size=\"1\" type=\"tel\" name=\"form_fields[field_9ee02f3]\" id=\"form-field-field_9ee02f3\" class=\"elementor-field elementor-size-md  elementor-field-textual\" placeholder=\"Telefon\" pattern=\"[0-9()#&amp;+*-=.]+\" title=\"Akceptowane s\u0105 jedynie cyfry i znaki telefoniczne (#,-,*).\">\n\n\t\t\t\t\t\t<\/div>\n\t\t\t\t\t\t\t\t<div class=\"elementor-field-type-textarea elementor-field-group elementor-column elementor-field-group-message elementor-col-100\">\n\t\t\t\t\t\t\t\t\t\t\t\t<label for=\"form-field-message\" class=\"elementor-field-label elementor-screen-only\">\n\t\t\t\t\t\t\t\tWiadomo\u015b\u0107\t\t\t\t\t\t\t<\/label>\n\t\t\t\t\t\t<textarea class=\"elementor-field-textual elementor-field  elementor-size-md\" name=\"form_fields[message]\" id=\"form-field-message\" rows=\"4\" placeholder=\"Wiadomo\u015b\u0107\"><\/textarea>\t\t\t\t<\/div>\n\t\t\t\t\t\t\t\t<div class=\"elementor-field-type-acceptance elementor-field-group elementor-column elementor-field-group-field_12106c7 elementor-col-100\">\n\t\t\t\t\t\t\t<div class=\"elementor-field-subgroup\">\n\t\t\t<span class=\"elementor-field-option\">\n\t\t\t\t<input type=\"checkbox\" name=\"form_fields[field_12106c7]\" id=\"form-field-field_12106c7\" class=\"elementor-field elementor-size-md  elementor-acceptance-field\">\n\t\t\t\t<label for=\"form-field-field_12106c7\">Przesy\u0142aj\u0105c zapytanie akceptujesz nasz\u0105 <a href=\"https:\/\/goldberry.lighting\/polityka-prywatnosci\">polityk\u0119 prywatno\u015bci<\/a> oraz <a href=\"https:\/\/goldberry.lighting\/regulamin\">regulamin sklepu<\/a>.<\/label>\t\t\t<\/span>\n\t\t<\/div>\n\t\t\t\t\t\t<\/div>\n\t\t\t\t\t\t\t\t<div class=\"elementor-field-group elementor-column elementor-field-type-submit elementor-col-100 e-form__buttons\">\n\t\t\t\t\t<button class=\"elementor-button elementor-size-md\" type=\"submit\">\n\t\t\t\t\t\t<span class=\"elementor-button-content-wrapper\">\n\t\t\t\t\t\t\t\t\t\t\t\t\t\t\t\t\t\t\t\t\t\t<span class=\"elementor-button-text\">Wy\u015blij<\/span>\n\t\t\t\t\t\t\t\t\t\t\t\t\t<\/span>\n\t\t\t\t\t<\/button>\n\t\t\t\t<\/div>\n\t\t\t<\/div>\n\t\t<\/form>\n\t\t\t\t\t\t<\/div>\n\t\t\t\t<\/div>\n\t\t\t\t\t<\/div>\n\t\t\t\t<\/div>\n\t\t\t\t\t<\/div>\n\t\t\t\t<\/div>\n\t\t\t\t\t<\/div>\n\t\t\t\t<\/div>\n\t\t\t\t<\/div>\n\t\t","protected":false},"excerpt":{"rendered":"<p>GOLDBERRYTO DESIGN Przemys\u0142aw FornalUl. Ksi\u0119\u017cycowa 177-121 Pomysk WielkiNIP 842 154 01 52\u00a0\u00a0Obs\u0142uga Klientask\u0142adanie zam\u00f3wie\u0144:tel: 660 480 413office@goldberry.lighting Napisz do nas<\/p>","protected":false},"author":1,"featured_media":0,"parent":0,"menu_order":0,"comment_status":"closed","ping_status":"closed","template":"","meta":{"inline_featured_image":false,"footnotes":""},"class_list":["post-566","page","type-page","status-publish","hentry"],"yoast_head":"<!-- This site is optimized with the Yoast SEO plugin v27.3 - https:\/\/yoast.com\/product\/yoast-seo-wordpress\/ -->\n<title>Kontakt - Goldberry Lighting<\/title>\n<meta name=\"robots\" content=\"index, follow, max-snippet:-1, max-image-preview:large, max-video-preview:-1\" \/>\n<link rel=\"canonical\" href=\"https:\/\/goldberry.lighting\/en\/kontakt\/\" \/>\n<meta property=\"og:locale\" content=\"en_GB\" \/>\n<meta property=\"og:type\" content=\"article\" \/>\n<meta property=\"og:title\" content=\"Kontakt - Goldberry Lighting\" \/>\n<meta property=\"og:description\" content=\"GOLDBERRYTO DESIGN Przemys\u0142aw FornalUl. Ksi\u0119\u017cycowa 177-121 Pomysk WielkiNIP 842 154 01 52\u00a0\u00a0Obs\u0142uga Klientask\u0142adanie zam\u00f3wie\u0144:tel: 660 480 413office@goldberry.lighting Napisz do nas\" \/>\n<meta property=\"og:url\" content=\"https:\/\/goldberry.lighting\/en\/kontakt\/\" \/>\n<meta property=\"og:site_name\" content=\"Goldberry Lighting\" \/>\n<meta property=\"article:publisher\" content=\"https:\/\/www.facebook.com\/MagdaFornalWnetrza\" \/>\n<meta property=\"article:modified_time\" content=\"2024-11-15T06:57:10+00:00\" \/>\n<meta name=\"twitter:card\" content=\"summary_large_image\" \/>\n<script type=\"application\/ld+json\" class=\"yoast-schema-graph\">{\"@context\":\"https:\\\/\\\/schema.org\",\"@graph\":[{\"@type\":\"WebPage\",\"@id\":\"https:\\\/\\\/goldberry.lighting\\\/kontakt\\\/\",\"url\":\"https:\\\/\\\/goldberry.lighting\\\/kontakt\\\/\",\"name\":\"Kontakt - Goldberry Lighting\",\"isPartOf\":{\"@id\":\"https:\\\/\\\/goldberry.lighting\\\/#website\"},\"datePublished\":\"2024-10-03T11:26:08+00:00\",\"dateModified\":\"2024-11-15T06:57:10+00:00\",\"breadcrumb\":{\"@id\":\"https:\\\/\\\/goldberry.lighting\\\/kontakt\\\/#breadcrumb\"},\"inLanguage\":\"en-GB\",\"potentialAction\":[{\"@type\":\"ReadAction\",\"target\":[\"https:\\\/\\\/goldberry.lighting\\\/kontakt\\\/\"]}]},{\"@type\":\"BreadcrumbList\",\"@id\":\"https:\\\/\\\/goldberry.lighting\\\/kontakt\\\/#breadcrumb\",\"itemListElement\":[{\"@type\":\"ListItem\",\"position\":1,\"name\":\"Home\",\"item\":\"https:\\\/\\\/goldberry.lighting\\\/\"},{\"@type\":\"ListItem\",\"position\":2,\"name\":\"Kontakt\"}]},{\"@type\":\"WebSite\",\"@id\":\"https:\\\/\\\/goldberry.lighting\\\/#website\",\"url\":\"https:\\\/\\\/goldberry.lighting\\\/\",\"name\":\"Goldberry Lighting\",\"description\":\"lampy GOLDBERRY to propozycja dla tych, kt\u00f3rzy kochaj\u0105 tworzy\u0107 DOM...\",\"publisher\":{\"@id\":\"https:\\\/\\\/goldberry.lighting\\\/#organization\"},\"potentialAction\":[{\"@type\":\"SearchAction\",\"target\":{\"@type\":\"EntryPoint\",\"urlTemplate\":\"https:\\\/\\\/goldberry.lighting\\\/?s={search_term_string}\"},\"query-input\":{\"@type\":\"PropertyValueSpecification\",\"valueRequired\":true,\"valueName\":\"search_term_string\"}}],\"inLanguage\":\"en-GB\"},{\"@type\":\"Organization\",\"@id\":\"https:\\\/\\\/goldberry.lighting\\\/#organization\",\"name\":\"Goldberry Lighting\",\"url\":\"https:\\\/\\\/goldberry.lighting\\\/\",\"logo\":{\"@type\":\"ImageObject\",\"inLanguage\":\"en-GB\",\"@id\":\"https:\\\/\\\/goldberry.lighting\\\/#\\\/schema\\\/logo\\\/image\\\/\",\"url\":\"https:\\\/\\\/goldberry.lighting\\\/wp-content\\\/uploads\\\/2023\\\/02\\\/Warstwa-5.png\",\"contentUrl\":\"https:\\\/\\\/goldberry.lighting\\\/wp-content\\\/uploads\\\/2023\\\/02\\\/Warstwa-5.png\",\"width\":276,\"height\":53,\"caption\":\"Goldberry Lighting\"},\"image\":{\"@id\":\"https:\\\/\\\/goldberry.lighting\\\/#\\\/schema\\\/logo\\\/image\\\/\"},\"sameAs\":[\"https:\\\/\\\/www.facebook.com\\\/MagdaFornalWnetrza\"]}]}<\/script>\n<!-- \/ Yoast SEO plugin. -->","yoast_head_json":{"title":"Kontakt - Goldberry Lighting","robots":{"index":"index","follow":"follow","max-snippet":"max-snippet:-1","max-image-preview":"max-image-preview:large","max-video-preview":"max-video-preview:-1"},"canonical":"https:\/\/goldberry.lighting\/en\/kontakt\/","og_locale":"en_GB","og_type":"article","og_title":"Kontakt - Goldberry Lighting","og_description":"GOLDBERRYTO DESIGN Przemys\u0142aw FornalUl. Ksi\u0119\u017cycowa 177-121 Pomysk WielkiNIP 842 154 01 52\u00a0\u00a0Obs\u0142uga Klientask\u0142adanie zam\u00f3wie\u0144:tel: 660 480 413office@goldberry.lighting Napisz do nas","og_url":"https:\/\/goldberry.lighting\/en\/kontakt\/","og_site_name":"Goldberry Lighting","article_publisher":"https:\/\/www.facebook.com\/MagdaFornalWnetrza","article_modified_time":"2024-11-15T06:57:10+00:00","twitter_card":"summary_large_image","schema":{"@context":"https:\/\/schema.org","@graph":[{"@type":"WebPage","@id":"https:\/\/goldberry.lighting\/kontakt\/","url":"https:\/\/goldberry.lighting\/kontakt\/","name":"Kontakt - Goldberry Lighting","isPartOf":{"@id":"https:\/\/goldberry.lighting\/#website"},"datePublished":"2024-10-03T11:26:08+00:00","dateModified":"2024-11-15T06:57:10+00:00","breadcrumb":{"@id":"https:\/\/goldberry.lighting\/kontakt\/#breadcrumb"},"inLanguage":"en-GB","potentialAction":[{"@type":"ReadAction","target":["https:\/\/goldberry.lighting\/kontakt\/"]}]},{"@type":"BreadcrumbList","@id":"https:\/\/goldberry.lighting\/kontakt\/#breadcrumb","itemListElement":[{"@type":"ListItem","position":1,"name":"Home","item":"https:\/\/goldberry.lighting\/"},{"@type":"ListItem","position":2,"name":"Kontakt"}]},{"@type":"WebSite","@id":"https:\/\/goldberry.lighting\/#website","url":"https:\/\/goldberry.lighting\/","name":"Goldberry Lighting","description":"lampy GOLDBERRY to propozycja dla tych, kt\u00f3rzy kochaj\u0105 tworzy\u0107 DOM...","publisher":{"@id":"https:\/\/goldberry.lighting\/#organization"},"potentialAction":[{"@type":"SearchAction","target":{"@type":"EntryPoint","urlTemplate":"https:\/\/goldberry.lighting\/?s={search_term_string}"},"query-input":{"@type":"PropertyValueSpecification","valueRequired":true,"valueName":"search_term_string"}}],"inLanguage":"en-GB"},{"@type":"Organization","@id":"https:\/\/goldberry.lighting\/#organization","name":"Goldberry Lighting","url":"https:\/\/goldberry.lighting\/","logo":{"@type":"ImageObject","inLanguage":"en-GB","@id":"https:\/\/goldberry.lighting\/#\/schema\/logo\/image\/","url":"https:\/\/goldberry.lighting\/wp-content\/uploads\/2023\/02\/Warstwa-5.png","contentUrl":"https:\/\/goldberry.lighting\/wp-content\/uploads\/2023\/02\/Warstwa-5.png","width":276,"height":53,"caption":"Goldberry Lighting"},"image":{"@id":"https:\/\/goldberry.lighting\/#\/schema\/logo\/image\/"},"sameAs":["https:\/\/www.facebook.com\/MagdaFornalWnetrza"]}]}},"_links":{"self":[{"href":"https:\/\/goldberry.lighting\/en\/wp-json\/wp\/v2\/pages\/566","targetHints":{"allow":["GET"]}}],"collection":[{"href":"https:\/\/goldberry.lighting\/en\/wp-json\/wp\/v2\/pages"}],"about":[{"href":"https:\/\/goldberry.lighting\/en\/wp-json\/wp\/v2\/types\/page"}],"author":[{"embeddable":true,"href":"https:\/\/goldberry.lighting\/en\/wp-json\/wp\/v2\/users\/1"}],"replies":[{"embeddable":true,"href":"https:\/\/goldberry.lighting\/en\/wp-json\/wp\/v2\/comments?post=566"}],"version-history":[{"count":88,"href":"https:\/\/goldberry.lighting\/en\/wp-json\/wp\/v2\/pages\/566\/revisions"}],"predecessor-version":[{"id":1530,"href":"https:\/\/goldberry.lighting\/en\/wp-json\/wp\/v2\/pages\/566\/revisions\/1530"}],"wp:attachment":[{"href":"https:\/\/goldberry.lighting\/en\/wp-json\/wp\/v2\/media?parent=566"}],"curies":[{"name":"wp","href":"https:\/\/api.w.org\/{rel}","templated":true}]}}