{"id":509,"date":"2024-10-02T10:33:47","date_gmt":"2024-10-02T08:33:47","guid":{"rendered":"https:\/\/goldberry.lighting\/?page_id=509"},"modified":"2024-11-13T22:56:57","modified_gmt":"2024-11-13T21:56:57","slug":"regulamin","status":"publish","type":"page","link":"https:\/\/goldberry.lighting\/en\/regulamin\/","title":{"rendered":"Regulamin"},"content":{"rendered":"<div data-elementor-type=\"wp-page\" data-elementor-id=\"509\" class=\"elementor elementor-509\" data-elementor-post-type=\"page\">\n\t\t\t\t<div class=\"elementor-element elementor-element-b605ea7 e-flex e-con-boxed e-con e-parent\" data-id=\"b605ea7\" data-element_type=\"container\" data-e-type=\"container\">\n\t\t\t\t\t<div class=\"e-con-inner\">\n\t\t\t\t<div class=\"elementor-element elementor-element-17a070a elementor-widget elementor-widget-text-editor\" data-id=\"17a070a\" data-element_type=\"widget\" data-e-type=\"widget\" data-no-translation=\"\" data-widget_type=\"text-editor.default\">\n\t\t\t\t<div class=\"elementor-widget-container\">\n\t\t\t\t\t<style>.elementor-element-17a070a{display:none !important}<\/style>\t\t\t\t<\/div>\n\t\t\t\t<\/div>\n\t\t\t\t<div class=\"elementor-element elementor-element-2da36d8 elementor-widget elementor-widget-text-editor\" data-id=\"2da36d8\" data-element_type=\"widget\" data-e-type=\"widget\" data-no-translation=\"\" data-widget_type=\"text-editor.default\">\n\t\t\t\t<div class=\"elementor-widget-container\">\n\t\t\t\t\t\t\t\t\t<h5 style=\"text-align: center;\">EN &#8211; REGULAMIN<\/h5>\n<p style=\"text-align: center;\"><strong>Informacje og\u00f3lne<\/strong><\/p>\n<ol>\n<li>Niniejszy dokument okre\u015bla zasady prywatno\u015bci w sklepie Internetowym goldberry.lighting.<\/li>\n<\/ol>\t\t\t\t\t\t\t\t<\/div>\n\t\t\t\t<\/div>\n\t\t\t\t\t<\/div>\n\t\t\t\t<\/div>\n\t\t\t\t<\/div>","protected":false},"excerpt":{"rendered":"<p>REGULAMIN \u015aWIADCZENIA US\u0141UG DROG\u0104 ELEKTRONICZN\u0104 goldberry.lighting \u00a71. Postanowienia og\u00f3lne Sprzedawca \u015bwiadczy Us\u0142ugi zgodnie z Regulaminem i przepisami powszechnie obowi\u0105zuj\u0105cego prawa. Sklep internetowy jest dost\u0119pny pod adresem goldberry.lighting. Ze Sprzedawc\u0105 mo\u017cna skontaktowa\u0107 si\u0119: 1. poczt\u0105: To Design Przemys\u0142aw Fornal, ul. Ksi\u0119\u017cycowa 1, 77-121 Pomysk Wielki, 2. mailem: office@goldberry.lighting, 3. telefonicznie: 694520248, 4. za po\u015brednictwem formularza kontaktowego. [&hellip;]<\/p>\n","protected":false},"author":1,"featured_media":0,"parent":0,"menu_order":0,"comment_status":"closed","ping_status":"closed","template":"","meta":{"inline_featured_image":false,"footnotes":""},"class_list":["post-509","page","type-page","status-publish","hentry"],"yoast_head":"<!-- This site is optimized with the Yoast SEO plugin v27.3 - https:\/\/yoast.com\/product\/yoast-seo-wordpress\/ -->\n<title>Regulamin - Goldberry Lighting<\/title>\n<meta name=\"robots\" content=\"index, follow, max-snippet:-1, max-image-preview:large, max-video-preview:-1\" \/>\n<link rel=\"canonical\" href=\"https:\/\/goldberry.lighting\/en\/regulamin\/\" \/>\n<meta property=\"og:locale\" content=\"en_GB\" \/>\n<meta property=\"og:type\" content=\"article\" \/>\n<meta property=\"og:title\" content=\"Regulamin - Goldberry Lighting\" \/>\n<meta property=\"og:description\" content=\"REGULAMIN \u015aWIADCZENIA US\u0141UG DROG\u0104 ELEKTRONICZN\u0104 goldberry.lighting \u00a71. Postanowienia og\u00f3lne Sprzedawca \u015bwiadczy Us\u0142ugi zgodnie z Regulaminem i przepisami powszechnie obowi\u0105zuj\u0105cego prawa. Sklep internetowy jest dost\u0119pny pod adresem goldberry.lighting. Ze Sprzedawc\u0105 mo\u017cna skontaktowa\u0107 si\u0119: 1. poczt\u0105: To Design Przemys\u0142aw Fornal, ul. Ksi\u0119\u017cycowa 1, 77-121 Pomysk Wielki, 2. mailem: office@goldberry.lighting, 3. telefonicznie: 694520248, 4. za po\u015brednictwem formularza kontaktowego. [&hellip;]\" \/>\n<meta property=\"og:url\" content=\"https:\/\/goldberry.lighting\/en\/regulamin\/\" \/>\n<meta property=\"og:site_name\" content=\"Goldberry Lighting\" \/>\n<meta property=\"article:publisher\" content=\"https:\/\/www.facebook.com\/MagdaFornalWnetrza\" \/>\n<meta property=\"article:modified_time\" content=\"2024-11-13T21:56:57+00:00\" \/>\n<meta name=\"twitter:card\" content=\"summary_large_image\" \/>\n<meta name=\"twitter:label1\" content=\"Estimated reading time\" \/>\n\t<meta name=\"twitter:data1\" content=\"27 minutes\" \/>\n<script type=\"application\/ld+json\" class=\"yoast-schema-graph\">{\"@context\":\"https:\\\/\\\/schema.org\",\"@graph\":[{\"@type\":\"WebPage\",\"@id\":\"https:\\\/\\\/goldberry.lighting\\\/regulamin\\\/\",\"url\":\"https:\\\/\\\/goldberry.lighting\\\/regulamin\\\/\",\"name\":\"Regulamin - Goldberry Lighting\",\"isPartOf\":{\"@id\":\"https:\\\/\\\/goldberry.lighting\\\/#website\"},\"datePublished\":\"2024-10-02T08:33:47+00:00\",\"dateModified\":\"2024-11-13T21:56:57+00:00\",\"breadcrumb\":{\"@id\":\"https:\\\/\\\/goldberry.lighting\\\/regulamin\\\/#breadcrumb\"},\"inLanguage\":\"en-GB\",\"potentialAction\":[{\"@type\":\"ReadAction\",\"target\":[\"https:\\\/\\\/goldberry.lighting\\\/regulamin\\\/\"]}]},{\"@type\":\"BreadcrumbList\",\"@id\":\"https:\\\/\\\/goldberry.lighting\\\/regulamin\\\/#breadcrumb\",\"itemListElement\":[{\"@type\":\"ListItem\",\"position\":1,\"name\":\"Home\",\"item\":\"https:\\\/\\\/goldberry.lighting\\\/\"},{\"@type\":\"ListItem\",\"position\":2,\"name\":\"Regulamin\"}]},{\"@type\":\"WebSite\",\"@id\":\"https:\\\/\\\/goldberry.lighting\\\/#website\",\"url\":\"https:\\\/\\\/goldberry.lighting\\\/\",\"name\":\"Goldberry Lighting\",\"description\":\"lampy GOLDBERRY to propozycja dla tych, kt\u00f3rzy kochaj\u0105 tworzy\u0107 DOM...\",\"publisher\":{\"@id\":\"https:\\\/\\\/goldberry.lighting\\\/#organization\"},\"potentialAction\":[{\"@type\":\"SearchAction\",\"target\":{\"@type\":\"EntryPoint\",\"urlTemplate\":\"https:\\\/\\\/goldberry.lighting\\\/?s={search_term_string}\"},\"query-input\":{\"@type\":\"PropertyValueSpecification\",\"valueRequired\":true,\"valueName\":\"search_term_string\"}}],\"inLanguage\":\"en-GB\"},{\"@type\":\"Organization\",\"@id\":\"https:\\\/\\\/goldberry.lighting\\\/#organization\",\"name\":\"Goldberry Lighting\",\"url\":\"https:\\\/\\\/goldberry.lighting\\\/\",\"logo\":{\"@type\":\"ImageObject\",\"inLanguage\":\"en-GB\",\"@id\":\"https:\\\/\\\/goldberry.lighting\\\/#\\\/schema\\\/logo\\\/image\\\/\",\"url\":\"https:\\\/\\\/goldberry.lighting\\\/wp-content\\\/uploads\\\/2023\\\/02\\\/Warstwa-5.png\",\"contentUrl\":\"https:\\\/\\\/goldberry.lighting\\\/wp-content\\\/uploads\\\/2023\\\/02\\\/Warstwa-5.png\",\"width\":276,\"height\":53,\"caption\":\"Goldberry Lighting\"},\"image\":{\"@id\":\"https:\\\/\\\/goldberry.lighting\\\/#\\\/schema\\\/logo\\\/image\\\/\"},\"sameAs\":[\"https:\\\/\\\/www.facebook.com\\\/MagdaFornalWnetrza\"]}]}<\/script>\n<!-- \/ Yoast SEO plugin. -->","yoast_head_json":{"title":"Regulamin - Goldberry Lighting","robots":{"index":"index","follow":"follow","max-snippet":"max-snippet:-1","max-image-preview":"max-image-preview:large","max-video-preview":"max-video-preview:-1"},"canonical":"https:\/\/goldberry.lighting\/en\/regulamin\/","og_locale":"en_GB","og_type":"article","og_title":"Regulamin - Goldberry Lighting","og_description":"REGULAMIN \u015aWIADCZENIA US\u0141UG DROG\u0104 ELEKTRONICZN\u0104 goldberry.lighting \u00a71. Postanowienia og\u00f3lne Sprzedawca \u015bwiadczy Us\u0142ugi zgodnie z Regulaminem i przepisami powszechnie obowi\u0105zuj\u0105cego prawa. Sklep internetowy jest dost\u0119pny pod adresem goldberry.lighting. Ze Sprzedawc\u0105 mo\u017cna skontaktowa\u0107 si\u0119: 1. poczt\u0105: To Design Przemys\u0142aw Fornal, ul. Ksi\u0119\u017cycowa 1, 77-121 Pomysk Wielki, 2. mailem: office@goldberry.lighting, 3. telefonicznie: 694520248, 4. za po\u015brednictwem formularza kontaktowego. [&hellip;]","og_url":"https:\/\/goldberry.lighting\/en\/regulamin\/","og_site_name":"Goldberry Lighting","article_publisher":"https:\/\/www.facebook.com\/MagdaFornalWnetrza","article_modified_time":"2024-11-13T21:56:57+00:00","twitter_card":"summary_large_image","twitter_misc":{"Estimated reading time":"27 minutes"},"schema":{"@context":"https:\/\/schema.org","@graph":[{"@type":"WebPage","@id":"https:\/\/goldberry.lighting\/regulamin\/","url":"https:\/\/goldberry.lighting\/regulamin\/","name":"Regulamin - Goldberry Lighting","isPartOf":{"@id":"https:\/\/goldberry.lighting\/#website"},"datePublished":"2024-10-02T08:33:47+00:00","dateModified":"2024-11-13T21:56:57+00:00","breadcrumb":{"@id":"https:\/\/goldberry.lighting\/regulamin\/#breadcrumb"},"inLanguage":"en-GB","potentialAction":[{"@type":"ReadAction","target":["https:\/\/goldberry.lighting\/regulamin\/"]}]},{"@type":"BreadcrumbList","@id":"https:\/\/goldberry.lighting\/regulamin\/#breadcrumb","itemListElement":[{"@type":"ListItem","position":1,"name":"Home","item":"https:\/\/goldberry.lighting\/"},{"@type":"ListItem","position":2,"name":"Regulamin"}]},{"@type":"WebSite","@id":"https:\/\/goldberry.lighting\/#website","url":"https:\/\/goldberry.lighting\/","name":"Goldberry Lighting","description":"lampy GOLDBERRY to propozycja dla tych, kt\u00f3rzy kochaj\u0105 tworzy\u0107 DOM...","publisher":{"@id":"https:\/\/goldberry.lighting\/#organization"},"potentialAction":[{"@type":"SearchAction","target":{"@type":"EntryPoint","urlTemplate":"https:\/\/goldberry.lighting\/?s={search_term_string}"},"query-input":{"@type":"PropertyValueSpecification","valueRequired":true,"valueName":"search_term_string"}}],"inLanguage":"en-GB"},{"@type":"Organization","@id":"https:\/\/goldberry.lighting\/#organization","name":"Goldberry Lighting","url":"https:\/\/goldberry.lighting\/","logo":{"@type":"ImageObject","inLanguage":"en-GB","@id":"https:\/\/goldberry.lighting\/#\/schema\/logo\/image\/","url":"https:\/\/goldberry.lighting\/wp-content\/uploads\/2023\/02\/Warstwa-5.png","contentUrl":"https:\/\/goldberry.lighting\/wp-content\/uploads\/2023\/02\/Warstwa-5.png","width":276,"height":53,"caption":"Goldberry Lighting"},"image":{"@id":"https:\/\/goldberry.lighting\/#\/schema\/logo\/image\/"},"sameAs":["https:\/\/www.facebook.com\/MagdaFornalWnetrza"]}]}},"_links":{"self":[{"href":"https:\/\/goldberry.lighting\/en\/wp-json\/wp\/v2\/pages\/509","targetHints":{"allow":["GET"]}}],"collection":[{"href":"https:\/\/goldberry.lighting\/en\/wp-json\/wp\/v2\/pages"}],"about":[{"href":"https:\/\/goldberry.lighting\/en\/wp-json\/wp\/v2\/types\/page"}],"author":[{"embeddable":true,"href":"https:\/\/goldberry.lighting\/en\/wp-json\/wp\/v2\/users\/1"}],"replies":[{"embeddable":true,"href":"https:\/\/goldberry.lighting\/en\/wp-json\/wp\/v2\/comments?post=509"}],"version-history":[{"count":32,"href":"https:\/\/goldberry.lighting\/en\/wp-json\/wp\/v2\/pages\/509\/revisions"}],"predecessor-version":[{"id":1425,"href":"https:\/\/goldberry.lighting\/en\/wp-json\/wp\/v2\/pages\/509\/revisions\/1425"}],"wp:attachment":[{"href":"https:\/\/goldberry.lighting\/en\/wp-json\/wp\/v2\/media?parent=509"}],"curies":[{"name":"wp","href":"https:\/\/api.w.org\/{rel}","templated":true}]}}