{"id":468,"date":"2024-10-01T20:58:40","date_gmt":"2024-10-01T18:58:40","guid":{"rendered":"https:\/\/goldberry.lighting\/?page_id=468"},"modified":"2024-11-13T12:45:12","modified_gmt":"2024-11-13T11:45:12","slug":"polityka-prywatnosci","status":"publish","type":"page","link":"https:\/\/goldberry.lighting\/en\/polityka-prywatnosci\/","title":{"rendered":"Polityka prywatno\u015bci"},"content":{"rendered":"<div data-elementor-type=\"wp-page\" data-elementor-id=\"468\" class=\"elementor elementor-468\" data-elementor-post-type=\"page\">\n\t\t\t\t<div class=\"elementor-element elementor-element-f621ebe e-flex e-con-boxed e-con e-parent\" data-id=\"f621ebe\" data-element_type=\"container\" data-e-type=\"container\">\n\t\t\t\t\t<div class=\"e-con-inner\">\n\t\t\t\t<div class=\"elementor-element elementor-element-4896a73 elementor-widget elementor-widget-text-editor\" data-id=\"4896a73\" data-element_type=\"widget\" data-e-type=\"widget\" data-no-translation=\"\" data-widget_type=\"text-editor.default\">\n\t\t\t\t<div class=\"elementor-widget-container\">\n\t\t\t\t\t<style>.elementor-element-4896a73{display:none !important}<\/style>\t\t\t\t<\/div>\n\t\t\t\t<\/div>\n\t\t\t\t<div class=\"elementor-element elementor-element-ea279c7 elementor-widget elementor-widget-text-editor\" data-id=\"ea279c7\" data-element_type=\"widget\" data-e-type=\"widget\" data-no-translation=\"\" data-widget_type=\"text-editor.default\">\n\t\t\t\t<div class=\"elementor-widget-container\">\n\t\t\t\t\t\t\t\t\t<h5 style=\"text-align: center;\">EN &#8211; POLITYKA PRYWATNO\u015aCI SKLEPU INTERNETOWEGO<\/h5><p style=\"text-align: center;\"><strong>Informacje og\u00f3lne<\/strong><\/p><ol><li>Niniejszy dokument okre\u015bla zasady prywatno\u015bci w sklepie Internetowym goldberry.lighting.<\/li><\/ol>\t\t\t\t\t\t\t\t<\/div>\n\t\t\t\t<\/div>\n\t\t\t\t\t<\/div>\n\t\t\t\t<\/div>\n\t\t\t\t<\/div>","protected":false},"excerpt":{"rendered":"<p>POLITYKA PRYWATNO\u015aCI Niniejszy dokument okre\u015bla warunki przetwarzania danych osobowych (zwanych dalej r\u00f3wnie\u017c \u201edanymi\u201d) i plik\u00f3w cookies w obszarze sklepu internetowego goldberry.lighting, prowadzonego za po\u015brednictwem strony internetowej, udost\u0119pnionej pod adresem goldberry.lighting, zwanej dalej \u201eSklepem\u201d. \u00a71. JAK SKONTAKTOWA\u0106 SI\u0118 Z ADMINISTRATOREM DANYCH Administratorem danych osobowych przetwarzanych w ramach Sklepu jest To Design Przemys\u0142aw Fornal, prowadz\u0105cy dzia\u0142alno\u015b\u0107 gospodarcz\u0105 [&hellip;]<\/p>\n","protected":false},"author":1,"featured_media":0,"parent":0,"menu_order":0,"comment_status":"closed","ping_status":"closed","template":"","meta":{"inline_featured_image":false,"footnotes":""},"class_list":["post-468","page","type-page","status-publish","hentry"],"yoast_head":"<!-- This site is optimized with the Yoast SEO plugin v27.3 - https:\/\/yoast.com\/product\/yoast-seo-wordpress\/ -->\n<title>Polityka prywatno\u015bci - Goldberry Lighting<\/title>\n<meta name=\"robots\" content=\"index, follow, max-snippet:-1, max-image-preview:large, max-video-preview:-1\" \/>\n<link rel=\"canonical\" href=\"https:\/\/goldberry.lighting\/en\/polityka-prywatnosci\/\" \/>\n<meta property=\"og:locale\" content=\"en_GB\" \/>\n<meta property=\"og:type\" content=\"article\" \/>\n<meta property=\"og:title\" content=\"Polityka prywatno\u015bci - Goldberry Lighting\" \/>\n<meta property=\"og:description\" content=\"POLITYKA PRYWATNO\u015aCI Niniejszy dokument okre\u015bla warunki przetwarzania danych osobowych (zwanych dalej r\u00f3wnie\u017c \u201edanymi\u201d) i plik\u00f3w cookies w obszarze sklepu internetowego goldberry.lighting, prowadzonego za po\u015brednictwem strony internetowej, udost\u0119pnionej pod adresem goldberry.lighting, zwanej dalej \u201eSklepem\u201d. \u00a71. JAK SKONTAKTOWA\u0106 SI\u0118 Z ADMINISTRATOREM DANYCH Administratorem danych osobowych przetwarzanych w ramach Sklepu jest To Design Przemys\u0142aw Fornal, prowadz\u0105cy dzia\u0142alno\u015b\u0107 gospodarcz\u0105 [&hellip;]\" \/>\n<meta property=\"og:url\" content=\"https:\/\/goldberry.lighting\/en\/polityka-prywatnosci\/\" \/>\n<meta property=\"og:site_name\" content=\"Goldberry Lighting\" \/>\n<meta property=\"article:publisher\" content=\"https:\/\/www.facebook.com\/MagdaFornalWnetrza\" \/>\n<meta property=\"article:modified_time\" content=\"2024-11-13T11:45:12+00:00\" \/>\n<meta name=\"twitter:card\" content=\"summary_large_image\" \/>\n<meta name=\"twitter:label1\" content=\"Estimated reading time\" \/>\n\t<meta name=\"twitter:data1\" content=\"18 minutes\" \/>\n<script type=\"application\/ld+json\" class=\"yoast-schema-graph\">{\"@context\":\"https:\\\/\\\/schema.org\",\"@graph\":[{\"@type\":\"WebPage\",\"@id\":\"https:\\\/\\\/goldberry.lighting\\\/polityka-prywatnosci\\\/\",\"url\":\"https:\\\/\\\/goldberry.lighting\\\/polityka-prywatnosci\\\/\",\"name\":\"Polityka prywatno\u015bci - Goldberry Lighting\",\"isPartOf\":{\"@id\":\"https:\\\/\\\/goldberry.lighting\\\/#website\"},\"datePublished\":\"2024-10-01T18:58:40+00:00\",\"dateModified\":\"2024-11-13T11:45:12+00:00\",\"breadcrumb\":{\"@id\":\"https:\\\/\\\/goldberry.lighting\\\/polityka-prywatnosci\\\/#breadcrumb\"},\"inLanguage\":\"en-GB\",\"potentialAction\":[{\"@type\":\"ReadAction\",\"target\":[\"https:\\\/\\\/goldberry.lighting\\\/polityka-prywatnosci\\\/\"]}]},{\"@type\":\"BreadcrumbList\",\"@id\":\"https:\\\/\\\/goldberry.lighting\\\/polityka-prywatnosci\\\/#breadcrumb\",\"itemListElement\":[{\"@type\":\"ListItem\",\"position\":1,\"name\":\"Home\",\"item\":\"https:\\\/\\\/goldberry.lighting\\\/\"},{\"@type\":\"ListItem\",\"position\":2,\"name\":\"Polityka prywatno\u015bci\"}]},{\"@type\":\"WebSite\",\"@id\":\"https:\\\/\\\/goldberry.lighting\\\/#website\",\"url\":\"https:\\\/\\\/goldberry.lighting\\\/\",\"name\":\"Goldberry Lighting\",\"description\":\"lampy GOLDBERRY to propozycja dla tych, kt\u00f3rzy kochaj\u0105 tworzy\u0107 DOM...\",\"publisher\":{\"@id\":\"https:\\\/\\\/goldberry.lighting\\\/#organization\"},\"potentialAction\":[{\"@type\":\"SearchAction\",\"target\":{\"@type\":\"EntryPoint\",\"urlTemplate\":\"https:\\\/\\\/goldberry.lighting\\\/?s={search_term_string}\"},\"query-input\":{\"@type\":\"PropertyValueSpecification\",\"valueRequired\":true,\"valueName\":\"search_term_string\"}}],\"inLanguage\":\"en-GB\"},{\"@type\":\"Organization\",\"@id\":\"https:\\\/\\\/goldberry.lighting\\\/#organization\",\"name\":\"Goldberry Lighting\",\"url\":\"https:\\\/\\\/goldberry.lighting\\\/\",\"logo\":{\"@type\":\"ImageObject\",\"inLanguage\":\"en-GB\",\"@id\":\"https:\\\/\\\/goldberry.lighting\\\/#\\\/schema\\\/logo\\\/image\\\/\",\"url\":\"https:\\\/\\\/goldberry.lighting\\\/wp-content\\\/uploads\\\/2023\\\/02\\\/Warstwa-5.png\",\"contentUrl\":\"https:\\\/\\\/goldberry.lighting\\\/wp-content\\\/uploads\\\/2023\\\/02\\\/Warstwa-5.png\",\"width\":276,\"height\":53,\"caption\":\"Goldberry Lighting\"},\"image\":{\"@id\":\"https:\\\/\\\/goldberry.lighting\\\/#\\\/schema\\\/logo\\\/image\\\/\"},\"sameAs\":[\"https:\\\/\\\/www.facebook.com\\\/MagdaFornalWnetrza\"]}]}<\/script>\n<!-- \/ Yoast SEO plugin. -->","yoast_head_json":{"title":"Polityka prywatno\u015bci - Goldberry Lighting","robots":{"index":"index","follow":"follow","max-snippet":"max-snippet:-1","max-image-preview":"max-image-preview:large","max-video-preview":"max-video-preview:-1"},"canonical":"https:\/\/goldberry.lighting\/en\/polityka-prywatnosci\/","og_locale":"en_GB","og_type":"article","og_title":"Polityka prywatno\u015bci - Goldberry Lighting","og_description":"POLITYKA PRYWATNO\u015aCI Niniejszy dokument okre\u015bla warunki przetwarzania danych osobowych (zwanych dalej r\u00f3wnie\u017c \u201edanymi\u201d) i plik\u00f3w cookies w obszarze sklepu internetowego goldberry.lighting, prowadzonego za po\u015brednictwem strony internetowej, udost\u0119pnionej pod adresem goldberry.lighting, zwanej dalej \u201eSklepem\u201d. \u00a71. JAK SKONTAKTOWA\u0106 SI\u0118 Z ADMINISTRATOREM DANYCH Administratorem danych osobowych przetwarzanych w ramach Sklepu jest To Design Przemys\u0142aw Fornal, prowadz\u0105cy dzia\u0142alno\u015b\u0107 gospodarcz\u0105 [&hellip;]","og_url":"https:\/\/goldberry.lighting\/en\/polityka-prywatnosci\/","og_site_name":"Goldberry Lighting","article_publisher":"https:\/\/www.facebook.com\/MagdaFornalWnetrza","article_modified_time":"2024-11-13T11:45:12+00:00","twitter_card":"summary_large_image","twitter_misc":{"Estimated reading time":"18 minutes"},"schema":{"@context":"https:\/\/schema.org","@graph":[{"@type":"WebPage","@id":"https:\/\/goldberry.lighting\/polityka-prywatnosci\/","url":"https:\/\/goldberry.lighting\/polityka-prywatnosci\/","name":"Polityka prywatno\u015bci - Goldberry Lighting","isPartOf":{"@id":"https:\/\/goldberry.lighting\/#website"},"datePublished":"2024-10-01T18:58:40+00:00","dateModified":"2024-11-13T11:45:12+00:00","breadcrumb":{"@id":"https:\/\/goldberry.lighting\/polityka-prywatnosci\/#breadcrumb"},"inLanguage":"en-GB","potentialAction":[{"@type":"ReadAction","target":["https:\/\/goldberry.lighting\/polityka-prywatnosci\/"]}]},{"@type":"BreadcrumbList","@id":"https:\/\/goldberry.lighting\/polityka-prywatnosci\/#breadcrumb","itemListElement":[{"@type":"ListItem","position":1,"name":"Home","item":"https:\/\/goldberry.lighting\/"},{"@type":"ListItem","position":2,"name":"Polityka prywatno\u015bci"}]},{"@type":"WebSite","@id":"https:\/\/goldberry.lighting\/#website","url":"https:\/\/goldberry.lighting\/","name":"Goldberry Lighting","description":"lampy GOLDBERRY to propozycja dla tych, kt\u00f3rzy kochaj\u0105 tworzy\u0107 DOM...","publisher":{"@id":"https:\/\/goldberry.lighting\/#organization"},"potentialAction":[{"@type":"SearchAction","target":{"@type":"EntryPoint","urlTemplate":"https:\/\/goldberry.lighting\/?s={search_term_string}"},"query-input":{"@type":"PropertyValueSpecification","valueRequired":true,"valueName":"search_term_string"}}],"inLanguage":"en-GB"},{"@type":"Organization","@id":"https:\/\/goldberry.lighting\/#organization","name":"Goldberry Lighting","url":"https:\/\/goldberry.lighting\/","logo":{"@type":"ImageObject","inLanguage":"en-GB","@id":"https:\/\/goldberry.lighting\/#\/schema\/logo\/image\/","url":"https:\/\/goldberry.lighting\/wp-content\/uploads\/2023\/02\/Warstwa-5.png","contentUrl":"https:\/\/goldberry.lighting\/wp-content\/uploads\/2023\/02\/Warstwa-5.png","width":276,"height":53,"caption":"Goldberry Lighting"},"image":{"@id":"https:\/\/goldberry.lighting\/#\/schema\/logo\/image\/"},"sameAs":["https:\/\/www.facebook.com\/MagdaFornalWnetrza"]}]}},"_links":{"self":[{"href":"https:\/\/goldberry.lighting\/en\/wp-json\/wp\/v2\/pages\/468","targetHints":{"allow":["GET"]}}],"collection":[{"href":"https:\/\/goldberry.lighting\/en\/wp-json\/wp\/v2\/pages"}],"about":[{"href":"https:\/\/goldberry.lighting\/en\/wp-json\/wp\/v2\/types\/page"}],"author":[{"embeddable":true,"href":"https:\/\/goldberry.lighting\/en\/wp-json\/wp\/v2\/users\/1"}],"replies":[{"embeddable":true,"href":"https:\/\/goldberry.lighting\/en\/wp-json\/wp\/v2\/comments?post=468"}],"version-history":[{"count":55,"href":"https:\/\/goldberry.lighting\/en\/wp-json\/wp\/v2\/pages\/468\/revisions"}],"predecessor-version":[{"id":1390,"href":"https:\/\/goldberry.lighting\/en\/wp-json\/wp\/v2\/pages\/468\/revisions\/1390"}],"wp:attachment":[{"href":"https:\/\/goldberry.lighting\/en\/wp-json\/wp\/v2\/media?parent=468"}],"curies":[{"name":"wp","href":"https:\/\/api.w.org\/{rel}","templated":true}]}}