{"id":275,"date":"2024-02-22T17:23:22","date_gmt":"2024-02-22T16:23:22","guid":{"rendered":"https:\/\/goldberry.lighting\/?page_id=275"},"modified":"2024-11-18T14:08:44","modified_gmt":"2024-11-18T13:08:44","slug":"o-nas","status":"publish","type":"page","link":"https:\/\/goldberry.lighting\/en\/o-nas\/","title":{"rendered":"About us"},"content":{"rendered":"<div data-elementor-type=\"wp-page\" data-elementor-id=\"275\" class=\"elementor elementor-275\" data-elementor-post-type=\"page\">\n\t\t\t\t<div class=\"elementor-element elementor-element-0d8cda5 e-grid e-con-boxed e-con e-parent\" data-id=\"0d8cda5\" data-element_type=\"container\" data-e-type=\"container\">\n\t\t\t\t\t<div class=\"e-con-inner\">\n\t\t<div class=\"elementor-element elementor-element-f37d94b e-flex e-con-boxed e-con e-child\" data-id=\"f37d94b\" data-element_type=\"container\" data-e-type=\"container\">\n\t\t\t\t\t<div class=\"e-con-inner\">\n\t\t\t\t<div class=\"elementor-element elementor-element-2a793f7 elementor-widget elementor-widget-image\" data-id=\"2a793f7\" data-element_type=\"widget\" data-e-type=\"widget\" data-widget_type=\"image.default\">\n\t\t\t\t<div class=\"elementor-widget-container\">\n\t\t\t\t\t\t\t\t\t\t\t\t\t\t\t<img fetchpriority=\"high\" decoding=\"async\" width=\"600\" height=\"690\" src=\"https:\/\/goldberry.lighting\/wp-content\/uploads\/magda_fornal.jpg\" class=\"attachment-large size-large wp-image-1342\" alt=\"\" srcset=\"https:\/\/goldberry.lighting\/wp-content\/uploads\/magda_fornal.jpg 600w, https:\/\/goldberry.lighting\/wp-content\/uploads\/magda_fornal-10x12.jpg 10w\" sizes=\"(max-width: 600px) 100vw, 600px\" \/>\t\t\t\t\t\t\t\t\t\t\t\t\t\t\t<\/div>\n\t\t\t\t<\/div>\n\t\t\t\t<div class=\"elementor-element elementor-element-4e67fbc elementor-absolute elementor-widget elementor-widget-heading\" data-id=\"4e67fbc\" data-element_type=\"widget\" data-e-type=\"widget\" data-settings=\"{&quot;_position&quot;:&quot;absolute&quot;}\" data-widget_type=\"heading.default\">\n\t\t\t\t<div class=\"elementor-widget-container\">\n\t\t\t\t\t<h2 class=\"elementor-heading-title elementor-size-default\">Magda<\/h2>\t\t\t\t<\/div>\n\t\t\t\t<\/div>\n\t\t\t\t\t<\/div>\n\t\t\t\t<\/div>\n\t\t<div class=\"elementor-element elementor-element-9ddf166 e-flex e-con-boxed e-con e-child\" data-id=\"9ddf166\" data-element_type=\"container\" data-e-type=\"container\">\n\t\t\t\t\t<div class=\"e-con-inner\">\n\t\t\t\t<div class=\"elementor-element elementor-element-ed8a0a2 elementor-widget elementor-widget-image\" data-id=\"ed8a0a2\" data-element_type=\"widget\" data-e-type=\"widget\" data-widget_type=\"image.default\">\n\t\t\t\t<div class=\"elementor-widget-container\">\n\t\t\t\t\t\t\t\t\t\t\t\t\t\t\t<img decoding=\"async\" width=\"600\" height=\"690\" src=\"https:\/\/goldberry.lighting\/wp-content\/uploads\/Warstwa-26-kopia.png\" class=\"attachment-large size-large wp-image-277\" alt=\"\" srcset=\"https:\/\/goldberry.lighting\/wp-content\/uploads\/Warstwa-26-kopia.png 600w, https:\/\/goldberry.lighting\/wp-content\/uploads\/Warstwa-26-kopia-10x12.png 10w\" sizes=\"(max-width: 600px) 100vw, 600px\" \/>\t\t\t\t\t\t\t\t\t\t\t\t\t\t\t<\/div>\n\t\t\t\t<\/div>\n\t\t\t\t<div class=\"elementor-element elementor-element-f3dd78f elementor-absolute elementor-widget elementor-widget-heading\" data-id=\"f3dd78f\" data-element_type=\"widget\" data-e-type=\"widget\" data-settings=\"{&quot;_position&quot;:&quot;absolute&quot;}\" data-widget_type=\"heading.default\">\n\t\t\t\t<div class=\"elementor-widget-container\">\n\t\t\t\t\t<h2 class=\"elementor-heading-title elementor-size-default\">Przemek<\/h2>\t\t\t\t<\/div>\n\t\t\t\t<\/div>\n\t\t\t\t\t<\/div>\n\t\t\t\t<\/div>\n\t\t\t\t\t<\/div>\n\t\t\t\t<\/div>\n\t\t<div class=\"elementor-element elementor-element-f596e6b e-flex e-con-boxed e-con e-parent\" data-id=\"f596e6b\" data-element_type=\"container\" data-e-type=\"container\">\n\t\t\t\t\t<div class=\"e-con-inner\">\n\t\t\t\t<div class=\"elementor-element elementor-element-780f031 elementor-widget elementor-widget-text-editor\" data-id=\"780f031\" data-element_type=\"widget\" data-e-type=\"widget\" data-widget_type=\"text-editor.default\">\n\t\t\t\t<div class=\"elementor-widget-container\">\n\t\t\t\t\t\t\t\t\t<p>Za mark\u0105 GOLDBERRY stoi artystyczny duet \u2013 Magda Fornal i Przemek Fornal, kt\u00f3rych zami\u0142owanie do designu i bogate do\u015bwiadczenie w projektowaniu przek\u0142adaj\u0105 si\u0119 na niepowtarzaln\u0105 jako\u015b\u0107 tworzonych przez nich produkt\u00f3w.<\/p><p>Magda, jako projektantka wn\u0119trz z wieloletnim do\u015bwiadczeniem i wizjonerka, dba o to, by ka\u017cdy projekt \u0142\u0105czy\u0142 pi\u0119kno z funkcjonalno\u015bci\u0105, podczas gdy Przemek, projektant form przemys\u0142owych \u2013 dzi\u0119ki solidnej wiedzy technicznej i do\u015bwiadczeniu z zakresu wzornictwa przemys\u0142owego \u2013 zapewnia trwa\u0142o\u015b\u0107 i bezkompromisow\u0105 jako\u015b\u0107 wykonania ka\u017cdemu produktowi. Razem tworz\u0105 lampy, kt\u00f3re s\u0105 jako\u015bciowe, stylowe i ponadczasowe. Zrozumienie naturalnych materia\u0142\u00f3w, d\u0105\u017cenie do perfekcji oraz poszukiwanie innowacyjnych rozwi\u0105za\u0144 sprawiaj\u0105, \u017ce ka\u017cdy produkt GOLDBERRY to co\u015b wi\u0119cej ni\u017c oprawa o\u015bwietleniowa \u2013 to wyrazisty akcent, \u201cwisienka na torcie\u201d ka\u017cdego wn\u0119trza!<\/p>\t\t\t\t\t\t\t\t<\/div>\n\t\t\t\t<\/div>\n\t\t\t\t<div class=\"elementor-element elementor-element-12e4027 elementor-widget elementor-widget-image\" data-id=\"12e4027\" data-element_type=\"widget\" data-e-type=\"widget\" data-widget_type=\"image.default\">\n\t\t\t\t<div class=\"elementor-widget-container\">\n\t\t\t\t\t\t\t\t\t\t\t\t\t\t\t<img decoding=\"async\" width=\"132\" height=\"131\" src=\"https:\/\/goldberry.lighting\/wp-content\/uploads\/Warstwa-28.png\" class=\"attachment-large size-large wp-image-278\" alt=\"\" srcset=\"https:\/\/goldberry.lighting\/wp-content\/uploads\/Warstwa-28.png 132w, https:\/\/goldberry.lighting\/wp-content\/uploads\/Warstwa-28-12x12.png 12w, https:\/\/goldberry.lighting\/wp-content\/uploads\/Warstwa-28-100x100.png 100w\" sizes=\"(max-width: 132px) 100vw, 132px\" \/>\t\t\t\t\t\t\t\t\t\t\t\t\t\t\t<\/div>\n\t\t\t\t<\/div>\n\t\t\t\t<div class=\"elementor-element elementor-element-457dafd elementor-widget elementor-widget-text-editor\" data-id=\"457dafd\" data-element_type=\"widget\" data-e-type=\"widget\" data-widget_type=\"text-editor.default\">\n\t\t\t\t<div class=\"elementor-widget-container\">\n\t\t\t\t\t\t\t\t\t<p>Lampy GOLDBERRY komponuj\u0105 si\u0119 z wieloma przestrzeniami mieszkalnymi: w stylu vintage, modern-farmhouse, a tak\u017ce doskonale uzupe\u0142ni\u0105 eklektyczne aran\u017cacje\u2026<\/p>\t\t\t\t\t\t\t\t<\/div>\n\t\t\t\t<\/div>\n\t\t\t\t\t<\/div>\n\t\t\t\t<\/div>\n\t\t\t\t<\/div>","protected":false},"excerpt":{"rendered":"<p>Magda Przemek Za mark\u0105 GOLDBERRY stoi artystyczny duet \u2013 Magda Fornal i Przemek Fornal, kt\u00f3rych zami\u0142owanie do designu i bogate do\u015bwiadczenie w projektowaniu przek\u0142adaj\u0105 si\u0119 na niepowtarzaln\u0105 jako\u015b\u0107 tworzonych przez nich produkt\u00f3w. Magda, jako projektantka wn\u0119trz z wieloletnim do\u015bwiadczeniem i wizjonerka, dba o to, by ka\u017cdy projekt \u0142\u0105czy\u0142 pi\u0119kno z funkcjonalno\u015bci\u0105, podczas gdy Przemek, projektant [&hellip;]<\/p>\n","protected":false},"author":2,"featured_media":0,"parent":0,"menu_order":0,"comment_status":"closed","ping_status":"open","template":"","meta":{"inline_featured_image":false,"footnotes":""},"class_list":["post-275","page","type-page","status-publish","hentry"],"yoast_head":"<!-- This site is optimized with the Yoast SEO plugin v27.3 - https:\/\/yoast.com\/product\/yoast-seo-wordpress\/ -->\n<title>O nas - Goldberry Lighting<\/title>\n<meta name=\"robots\" content=\"index, follow, max-snippet:-1, max-image-preview:large, max-video-preview:-1\" \/>\n<link rel=\"canonical\" href=\"https:\/\/goldberry.lighting\/en\/o-nas\/\" \/>\n<meta property=\"og:locale\" content=\"en_GB\" \/>\n<meta property=\"og:type\" content=\"article\" \/>\n<meta property=\"og:title\" content=\"O nas - Goldberry Lighting\" \/>\n<meta property=\"og:description\" content=\"Magda Przemek Za mark\u0105 GOLDBERRY stoi artystyczny duet \u2013 Magda Fornal i Przemek Fornal, kt\u00f3rych zami\u0142owanie do designu i bogate do\u015bwiadczenie w projektowaniu przek\u0142adaj\u0105 si\u0119 na niepowtarzaln\u0105 jako\u015b\u0107 tworzonych przez nich produkt\u00f3w. Magda, jako projektantka wn\u0119trz z wieloletnim do\u015bwiadczeniem i wizjonerka, dba o to, by ka\u017cdy projekt \u0142\u0105czy\u0142 pi\u0119kno z funkcjonalno\u015bci\u0105, podczas gdy Przemek, projektant [&hellip;]\" \/>\n<meta property=\"og:url\" content=\"https:\/\/goldberry.lighting\/en\/o-nas\/\" \/>\n<meta property=\"og:site_name\" content=\"Goldberry Lighting\" \/>\n<meta property=\"article:publisher\" content=\"https:\/\/www.facebook.com\/MagdaFornalWnetrza\" \/>\n<meta property=\"article:modified_time\" content=\"2024-11-18T13:08:44+00:00\" \/>\n<meta property=\"og:image\" content=\"https:\/\/goldberry.lighting\/wp-content\/uploads\/magda_fornal.jpg\" \/>\n\t<meta property=\"og:image:width\" content=\"600\" \/>\n\t<meta property=\"og:image:height\" content=\"690\" \/>\n\t<meta property=\"og:image:type\" content=\"image\/jpeg\" \/>\n<meta name=\"twitter:card\" content=\"summary_large_image\" \/>\n<meta name=\"twitter:label1\" content=\"Estimated reading time\" \/>\n\t<meta name=\"twitter:data1\" content=\"1 minute\" \/>\n<script type=\"application\/ld+json\" class=\"yoast-schema-graph\">{\"@context\":\"https:\\\/\\\/schema.org\",\"@graph\":[{\"@type\":\"WebPage\",\"@id\":\"https:\\\/\\\/goldberry.lighting\\\/o-nas\\\/\",\"url\":\"https:\\\/\\\/goldberry.lighting\\\/o-nas\\\/\",\"name\":\"O nas - Goldberry Lighting\",\"isPartOf\":{\"@id\":\"https:\\\/\\\/goldberry.lighting\\\/#website\"},\"primaryImageOfPage\":{\"@id\":\"https:\\\/\\\/goldberry.lighting\\\/o-nas\\\/#primaryimage\"},\"image\":{\"@id\":\"https:\\\/\\\/goldberry.lighting\\\/o-nas\\\/#primaryimage\"},\"thumbnailUrl\":\"https:\\\/\\\/goldberry.lighting\\\/wp-content\\\/uploads\\\/magda_fornal.jpg\",\"datePublished\":\"2024-02-22T16:23:22+00:00\",\"dateModified\":\"2024-11-18T13:08:44+00:00\",\"breadcrumb\":{\"@id\":\"https:\\\/\\\/goldberry.lighting\\\/o-nas\\\/#breadcrumb\"},\"inLanguage\":\"en-GB\",\"potentialAction\":[{\"@type\":\"ReadAction\",\"target\":[\"https:\\\/\\\/goldberry.lighting\\\/o-nas\\\/\"]}]},{\"@type\":\"ImageObject\",\"inLanguage\":\"en-GB\",\"@id\":\"https:\\\/\\\/goldberry.lighting\\\/o-nas\\\/#primaryimage\",\"url\":\"https:\\\/\\\/goldberry.lighting\\\/wp-content\\\/uploads\\\/magda_fornal.jpg\",\"contentUrl\":\"https:\\\/\\\/goldberry.lighting\\\/wp-content\\\/uploads\\\/magda_fornal.jpg\"},{\"@type\":\"BreadcrumbList\",\"@id\":\"https:\\\/\\\/goldberry.lighting\\\/o-nas\\\/#breadcrumb\",\"itemListElement\":[{\"@type\":\"ListItem\",\"position\":1,\"name\":\"Home\",\"item\":\"https:\\\/\\\/goldberry.lighting\\\/\"},{\"@type\":\"ListItem\",\"position\":2,\"name\":\"O nas\"}]},{\"@type\":\"WebSite\",\"@id\":\"https:\\\/\\\/goldberry.lighting\\\/#website\",\"url\":\"https:\\\/\\\/goldberry.lighting\\\/\",\"name\":\"Goldberry Lighting\",\"description\":\"lampy GOLDBERRY to propozycja dla tych, kt\u00f3rzy kochaj\u0105 tworzy\u0107 DOM...\",\"publisher\":{\"@id\":\"https:\\\/\\\/goldberry.lighting\\\/#organization\"},\"potentialAction\":[{\"@type\":\"SearchAction\",\"target\":{\"@type\":\"EntryPoint\",\"urlTemplate\":\"https:\\\/\\\/goldberry.lighting\\\/?s={search_term_string}\"},\"query-input\":{\"@type\":\"PropertyValueSpecification\",\"valueRequired\":true,\"valueName\":\"search_term_string\"}}],\"inLanguage\":\"en-GB\"},{\"@type\":\"Organization\",\"@id\":\"https:\\\/\\\/goldberry.lighting\\\/#organization\",\"name\":\"Goldberry Lighting\",\"url\":\"https:\\\/\\\/goldberry.lighting\\\/\",\"logo\":{\"@type\":\"ImageObject\",\"inLanguage\":\"en-GB\",\"@id\":\"https:\\\/\\\/goldberry.lighting\\\/#\\\/schema\\\/logo\\\/image\\\/\",\"url\":\"https:\\\/\\\/goldberry.lighting\\\/wp-content\\\/uploads\\\/2023\\\/02\\\/Warstwa-5.png\",\"contentUrl\":\"https:\\\/\\\/goldberry.lighting\\\/wp-content\\\/uploads\\\/2023\\\/02\\\/Warstwa-5.png\",\"width\":276,\"height\":53,\"caption\":\"Goldberry Lighting\"},\"image\":{\"@id\":\"https:\\\/\\\/goldberry.lighting\\\/#\\\/schema\\\/logo\\\/image\\\/\"},\"sameAs\":[\"https:\\\/\\\/www.facebook.com\\\/MagdaFornalWnetrza\"]}]}<\/script>\n<!-- \/ Yoast SEO plugin. -->","yoast_head_json":{"title":"O nas - Goldberry Lighting","robots":{"index":"index","follow":"follow","max-snippet":"max-snippet:-1","max-image-preview":"max-image-preview:large","max-video-preview":"max-video-preview:-1"},"canonical":"https:\/\/goldberry.lighting\/en\/o-nas\/","og_locale":"en_GB","og_type":"article","og_title":"O nas - Goldberry Lighting","og_description":"Magda Przemek Za mark\u0105 GOLDBERRY stoi artystyczny duet \u2013 Magda Fornal i Przemek Fornal, kt\u00f3rych zami\u0142owanie do designu i bogate do\u015bwiadczenie w projektowaniu przek\u0142adaj\u0105 si\u0119 na niepowtarzaln\u0105 jako\u015b\u0107 tworzonych przez nich produkt\u00f3w. Magda, jako projektantka wn\u0119trz z wieloletnim do\u015bwiadczeniem i wizjonerka, dba o to, by ka\u017cdy projekt \u0142\u0105czy\u0142 pi\u0119kno z funkcjonalno\u015bci\u0105, podczas gdy Przemek, projektant [&hellip;]","og_url":"https:\/\/goldberry.lighting\/en\/o-nas\/","og_site_name":"Goldberry Lighting","article_publisher":"https:\/\/www.facebook.com\/MagdaFornalWnetrza","article_modified_time":"2024-11-18T13:08:44+00:00","og_image":[{"width":600,"height":690,"url":"https:\/\/goldberry.lighting\/wp-content\/uploads\/magda_fornal.jpg","type":"image\/jpeg"}],"twitter_card":"summary_large_image","twitter_misc":{"Estimated reading time":"1 minute"},"schema":{"@context":"https:\/\/schema.org","@graph":[{"@type":"WebPage","@id":"https:\/\/goldberry.lighting\/o-nas\/","url":"https:\/\/goldberry.lighting\/o-nas\/","name":"O nas - Goldberry Lighting","isPartOf":{"@id":"https:\/\/goldberry.lighting\/#website"},"primaryImageOfPage":{"@id":"https:\/\/goldberry.lighting\/o-nas\/#primaryimage"},"image":{"@id":"https:\/\/goldberry.lighting\/o-nas\/#primaryimage"},"thumbnailUrl":"https:\/\/goldberry.lighting\/wp-content\/uploads\/magda_fornal.jpg","datePublished":"2024-02-22T16:23:22+00:00","dateModified":"2024-11-18T13:08:44+00:00","breadcrumb":{"@id":"https:\/\/goldberry.lighting\/o-nas\/#breadcrumb"},"inLanguage":"en-GB","potentialAction":[{"@type":"ReadAction","target":["https:\/\/goldberry.lighting\/o-nas\/"]}]},{"@type":"ImageObject","inLanguage":"en-GB","@id":"https:\/\/goldberry.lighting\/o-nas\/#primaryimage","url":"https:\/\/goldberry.lighting\/wp-content\/uploads\/magda_fornal.jpg","contentUrl":"https:\/\/goldberry.lighting\/wp-content\/uploads\/magda_fornal.jpg"},{"@type":"BreadcrumbList","@id":"https:\/\/goldberry.lighting\/o-nas\/#breadcrumb","itemListElement":[{"@type":"ListItem","position":1,"name":"Home","item":"https:\/\/goldberry.lighting\/"},{"@type":"ListItem","position":2,"name":"O nas"}]},{"@type":"WebSite","@id":"https:\/\/goldberry.lighting\/#website","url":"https:\/\/goldberry.lighting\/","name":"Goldberry Lighting","description":"lampy GOLDBERRY to propozycja dla tych, kt\u00f3rzy kochaj\u0105 tworzy\u0107 DOM...","publisher":{"@id":"https:\/\/goldberry.lighting\/#organization"},"potentialAction":[{"@type":"SearchAction","target":{"@type":"EntryPoint","urlTemplate":"https:\/\/goldberry.lighting\/?s={search_term_string}"},"query-input":{"@type":"PropertyValueSpecification","valueRequired":true,"valueName":"search_term_string"}}],"inLanguage":"en-GB"},{"@type":"Organization","@id":"https:\/\/goldberry.lighting\/#organization","name":"Goldberry Lighting","url":"https:\/\/goldberry.lighting\/","logo":{"@type":"ImageObject","inLanguage":"en-GB","@id":"https:\/\/goldberry.lighting\/#\/schema\/logo\/image\/","url":"https:\/\/goldberry.lighting\/wp-content\/uploads\/2023\/02\/Warstwa-5.png","contentUrl":"https:\/\/goldberry.lighting\/wp-content\/uploads\/2023\/02\/Warstwa-5.png","width":276,"height":53,"caption":"Goldberry Lighting"},"image":{"@id":"https:\/\/goldberry.lighting\/#\/schema\/logo\/image\/"},"sameAs":["https:\/\/www.facebook.com\/MagdaFornalWnetrza"]}]}},"_links":{"self":[{"href":"https:\/\/goldberry.lighting\/en\/wp-json\/wp\/v2\/pages\/275","targetHints":{"allow":["GET"]}}],"collection":[{"href":"https:\/\/goldberry.lighting\/en\/wp-json\/wp\/v2\/pages"}],"about":[{"href":"https:\/\/goldberry.lighting\/en\/wp-json\/wp\/v2\/types\/page"}],"author":[{"embeddable":true,"href":"https:\/\/goldberry.lighting\/en\/wp-json\/wp\/v2\/users\/2"}],"replies":[{"embeddable":true,"href":"https:\/\/goldberry.lighting\/en\/wp-json\/wp\/v2\/comments?post=275"}],"version-history":[{"count":54,"href":"https:\/\/goldberry.lighting\/en\/wp-json\/wp\/v2\/pages\/275\/revisions"}],"predecessor-version":[{"id":1545,"href":"https:\/\/goldberry.lighting\/en\/wp-json\/wp\/v2\/pages\/275\/revisions\/1545"}],"wp:attachment":[{"href":"https:\/\/goldberry.lighting\/en\/wp-json\/wp\/v2\/media?parent=275"}],"curies":[{"name":"wp","href":"https:\/\/api.w.org\/{rel}","templated":true}]}}