{"id":1255,"date":"2024-11-13T12:28:45","date_gmt":"2024-11-13T11:28:45","guid":{"rendered":"https:\/\/goldberry.lighting\/?page_id=1255"},"modified":"2024-11-14T10:04:39","modified_gmt":"2024-11-14T09:04:39","slug":"jakosc","status":"publish","type":"page","link":"https:\/\/goldberry.lighting\/en\/jakosc\/","title":{"rendered":"Jako\u015b\u0107"},"content":{"rendered":"<div data-elementor-type=\"wp-page\" data-elementor-id=\"1255\" class=\"elementor elementor-1255\" data-elementor-post-type=\"page\">\n\t\t\t\t<div class=\"elementor-element elementor-element-90f2b2c e-flex e-con-boxed e-con e-parent\" data-id=\"90f2b2c\" data-element_type=\"container\" data-e-type=\"container\">\n\t\t\t\t\t<div class=\"e-con-inner\">\n\t\t<div class=\"elementor-element elementor-element-95581f7 e-grid e-con-full e-con e-child\" data-id=\"95581f7\" data-element_type=\"container\" data-e-type=\"container\">\n\t\t\t\t<div class=\"elementor-element elementor-element-d7e9b1b elementor-widget elementor-widget-image\" data-id=\"d7e9b1b\" data-element_type=\"widget\" data-e-type=\"widget\" data-widget_type=\"image.default\">\n\t\t\t\t<div class=\"elementor-widget-container\">\n\t\t\t\t\t\t\t\t\t\t\t\t\t\t\t<img fetchpriority=\"high\" decoding=\"async\" width=\"600\" height=\"600\" src=\"https:\/\/goldberry.lighting\/wp-content\/uploads\/jakosc_1.jpg\" class=\"attachment-thumbnail size-thumbnail wp-image-1257\" alt=\"\" srcset=\"https:\/\/goldberry.lighting\/wp-content\/uploads\/jakosc_1.jpg 600w, https:\/\/goldberry.lighting\/wp-content\/uploads\/jakosc_1-12x12.jpg 12w, https:\/\/goldberry.lighting\/wp-content\/uploads\/jakosc_1-100x100.jpg 100w, https:\/\/goldberry.lighting\/wp-content\/uploads\/jakosc_1-50x50.jpg 50w\" sizes=\"(max-width: 600px) 100vw, 600px\" \/>\t\t\t\t\t\t\t\t\t\t\t\t\t\t\t<\/div>\n\t\t\t\t<\/div>\n\t\t\t\t<div class=\"elementor-element elementor-element-68f66ed elementor-widget elementor-widget-text-editor\" data-id=\"68f66ed\" data-element_type=\"widget\" data-e-type=\"widget\" data-widget_type=\"text-editor.default\">\n\t\t\t\t<div class=\"elementor-widget-container\">\n\t\t\t\t\t\t\t\t\t<p><strong>MISJA<\/strong><\/p><h1>w co wierzymy<\/h1><p>Wierzymy, \u017ce stworzyli\u015bmy produkt, kt\u00f3ry przetrwa lata, oprze si\u0119 modom i b\u0119dzie towarzyszy\u0107 kolejnym pokoleniom!<br \/>Lampy GOLDBERRY, \u0142\u0105cz\u0105c r\u0119kodzie\u0142o i sztuk\u0119, stanowi\u0105 wyrafinowan\u0105 alternatyw\u0119 dla masowej produkcji. Wybieraj\u0105c wy\u0142\u0105cznie naturalne materia\u0142y najwy\u017cszej jako\u015bci: wyselekcjonowany rattan, naturalny mosi\u0105dz, starannie dobrany marmur, oferujemy produkty o unikalnym charakterze i minimalnym wp\u0142ywie na \u015brodowisko.<\/p>\t\t\t\t\t\t\t\t<\/div>\n\t\t\t\t<\/div>\n\t\t\t\t<\/div>\n\t\t<div class=\"elementor-element elementor-element-4a220e3 e-grid e-con-full e-con e-child\" data-id=\"4a220e3\" data-element_type=\"container\" data-e-type=\"container\">\n\t\t\t\t<div class=\"elementor-element elementor-element-855ad9f elementor-widget elementor-widget-text-editor\" data-id=\"855ad9f\" data-element_type=\"widget\" data-e-type=\"widget\" data-widget_type=\"text-editor.default\">\n\t\t\t\t<div class=\"elementor-widget-container\">\n\t\t\t\t\t\t\t\t\t<p><strong>MATERIA\u0141Y<\/strong><\/p><h1>\u015bwiadomy wyb\u00f3r<\/h1><p>\u00a0<\/p><p>Rattan w naszych lampach to nie tylko estetyka, ale tak\u017ce wyraz szacunku dla natury i d\u0105\u017cenie do harmonii w przestrzeni \u017cyciowej. Rattan doskonale nadaje si\u0119 do tworzenia trwa\u0142ych, solidnych konstrukcji o subtelnej formie. Jako materia\u0142 ekologiczny, rattan wpisuje si\u0119 w ide\u0119 \u015bwiadomego wyboru surowc\u00f3w.<\/p>\t\t\t\t\t\t\t\t<\/div>\n\t\t\t\t<\/div>\n\t\t\t\t<div class=\"elementor-element elementor-element-e801815 elementor-widget elementor-widget-image\" data-id=\"e801815\" data-element_type=\"widget\" data-e-type=\"widget\" data-widget_type=\"image.default\">\n\t\t\t\t<div class=\"elementor-widget-container\">\n\t\t\t\t\t\t\t\t\t\t\t\t\t\t\t<img decoding=\"async\" width=\"600\" height=\"600\" src=\"https:\/\/goldberry.lighting\/wp-content\/uploads\/jakosc_2-1.jpg\" class=\"attachment-full size-full wp-image-1312\" alt=\"\" srcset=\"https:\/\/goldberry.lighting\/wp-content\/uploads\/jakosc_2-1.jpg 600w, https:\/\/goldberry.lighting\/wp-content\/uploads\/jakosc_2-1-12x12.jpg 12w, https:\/\/goldberry.lighting\/wp-content\/uploads\/jakosc_2-1-100x100.jpg 100w, https:\/\/goldberry.lighting\/wp-content\/uploads\/jakosc_2-1-50x50.jpg 50w\" sizes=\"(max-width: 600px) 100vw, 600px\" \/>\t\t\t\t\t\t\t\t\t\t\t\t\t\t\t<\/div>\n\t\t\t\t<\/div>\n\t\t\t\t<\/div>\n\t\t\t\t\t<\/div>\n\t\t\t\t<\/div>\n\t\t<div class=\"elementor-element elementor-element-4cf4a27 e-grid e-con-boxed e-con e-parent\" data-id=\"4cf4a27\" data-element_type=\"container\" data-e-type=\"container\">\n\t\t\t\t\t<div class=\"e-con-inner\">\n\t\t\t\t<div class=\"elementor-element elementor-element-f4a89cf elementor-widget elementor-widget-image\" data-id=\"f4a89cf\" data-element_type=\"widget\" data-e-type=\"widget\" data-widget_type=\"image.default\">\n\t\t\t\t<div class=\"elementor-widget-container\">\n\t\t\t\t\t\t\t\t\t\t\t\t\t\t\t<img decoding=\"async\" width=\"600\" height=\"600\" src=\"https:\/\/goldberry.lighting\/wp-content\/uploads\/jakosc_3.jpg\" class=\"attachment-large size-large wp-image-1313\" alt=\"\" srcset=\"https:\/\/goldberry.lighting\/wp-content\/uploads\/jakosc_3.jpg 600w, https:\/\/goldberry.lighting\/wp-content\/uploads\/jakosc_3-12x12.jpg 12w, https:\/\/goldberry.lighting\/wp-content\/uploads\/jakosc_3-100x100.jpg 100w, https:\/\/goldberry.lighting\/wp-content\/uploads\/jakosc_3-50x50.jpg 50w\" sizes=\"(max-width: 600px) 100vw, 600px\" \/>\t\t\t\t\t\t\t\t\t\t\t\t\t\t\t<\/div>\n\t\t\t\t<\/div>\n\t\t\t\t<div class=\"elementor-element elementor-element-bcdbba4 elementor-widget elementor-widget-text-editor\" data-id=\"bcdbba4\" data-element_type=\"widget\" data-e-type=\"widget\" data-widget_type=\"text-editor.default\">\n\t\t\t\t<div class=\"elementor-widget-container\">\n\t\t\t\t\t\t\t\t\t<p><strong>RZEMIOS\u0141O<\/strong><\/p><h1>polska produkcja<\/h1><p>Ka\u017cda nasza lampa z rattanu jest efektem pracy ludzkich r\u0105k &#8211; r\u0119cznego wyplatania. Proces ten wymaga precyzji i zaanga\u017cowania &#8211; to po\u0142\u0105czenie rzemie\u015blniczej tradycji z trosk\u0105 o detale. R\u0119czne wyplatanie odbywa si\u0119 w Polsce, z czego jeste\u015bmy niezwykle dumni!<\/p>\t\t\t\t\t\t\t\t<\/div>\n\t\t\t\t<\/div>\n\t\t\t\t\t<\/div>\n\t\t\t\t<\/div>\n\t\t<div class=\"elementor-element elementor-element-e9897e2 e-grid e-con-boxed e-con e-parent\" data-id=\"e9897e2\" data-element_type=\"container\" data-e-type=\"container\">\n\t\t\t\t\t<div class=\"e-con-inner\">\n\t\t\t\t<div class=\"elementor-element elementor-element-043524f elementor-widget elementor-widget-text-editor\" data-id=\"043524f\" data-element_type=\"widget\" data-e-type=\"widget\" data-widget_type=\"text-editor.default\">\n\t\t\t\t<div class=\"elementor-widget-container\">\n\t\t\t\t\t\t\t\t\t<p><strong>ODPOWIEDZIALNO\u015a\u0106<\/strong><\/p><h1>zr\u00f3wnowa\u017cona produkcja<\/h1><p>\u00a0<\/p><p>Surowy mosi\u0105dz, kt\u00f3ry stosujemy w lampach GOLDBERRY, to materia\u0142 naturalny i niezwykle pi\u0119kny. W miar\u0119 up\u0142ywu czasu mosi\u0105dz nielakierowany nabiera patyny, co w naszym odczuciu czyni go materia\u0142em jeszcze pi\u0119kniejszym i ciekawszym!<br \/>Ka\u017cdy mosi\u0119\u017cny element w lampach GOLDBERRY &#8211; od podsufitki, przez \u0142a\u0144cuszek, po ozdobne kuleczki &#8211; jest unikalny: zaprojektowany zosta\u0142 wy\u0142\u0105cznie z my\u015bl\u0105 o tej kolekcji.<\/p>\t\t\t\t\t\t\t\t<\/div>\n\t\t\t\t<\/div>\n\t\t\t\t<div class=\"elementor-element elementor-element-97e8375 elementor-widget elementor-widget-image\" data-id=\"97e8375\" data-element_type=\"widget\" data-e-type=\"widget\" data-widget_type=\"image.default\">\n\t\t\t\t<div class=\"elementor-widget-container\">\n\t\t\t\t\t\t\t\t\t\t\t\t\t\t\t<img loading=\"lazy\" decoding=\"async\" width=\"600\" height=\"600\" src=\"https:\/\/goldberry.lighting\/wp-content\/uploads\/jakosc_4-1.jpg\" class=\"attachment-large size-large wp-image-1358\" alt=\"\" srcset=\"https:\/\/goldberry.lighting\/wp-content\/uploads\/jakosc_4-1.jpg 600w, https:\/\/goldberry.lighting\/wp-content\/uploads\/jakosc_4-1-12x12.jpg 12w, https:\/\/goldberry.lighting\/wp-content\/uploads\/jakosc_4-1-100x100.jpg 100w, https:\/\/goldberry.lighting\/wp-content\/uploads\/jakosc_4-1-50x50.jpg 50w\" sizes=\"(max-width: 600px) 100vw, 600px\" \/>\t\t\t\t\t\t\t\t\t\t\t\t\t\t\t<\/div>\n\t\t\t\t<\/div>\n\t\t\t\t\t<\/div>\n\t\t\t\t<\/div>\n\t\t<div class=\"elementor-element elementor-element-54b2541 e-grid e-con-boxed e-con e-parent\" data-id=\"54b2541\" data-element_type=\"container\" data-e-type=\"container\">\n\t\t\t\t\t<div class=\"e-con-inner\">\n\t\t\t\t<div class=\"elementor-element elementor-element-90afe5a elementor-widget elementor-widget-image\" data-id=\"90afe5a\" data-element_type=\"widget\" data-e-type=\"widget\" data-widget_type=\"image.default\">\n\t\t\t\t<div class=\"elementor-widget-container\">\n\t\t\t\t\t\t\t\t\t\t\t\t\t\t\t<img loading=\"lazy\" decoding=\"async\" width=\"600\" height=\"600\" src=\"https:\/\/goldberry.lighting\/wp-content\/uploads\/jakosc_5.jpg\" class=\"attachment-large size-large wp-image-1315\" alt=\"\" srcset=\"https:\/\/goldberry.lighting\/wp-content\/uploads\/jakosc_5.jpg 600w, https:\/\/goldberry.lighting\/wp-content\/uploads\/jakosc_5-12x12.jpg 12w, https:\/\/goldberry.lighting\/wp-content\/uploads\/jakosc_5-100x100.jpg 100w, https:\/\/goldberry.lighting\/wp-content\/uploads\/jakosc_5-50x50.jpg 50w\" sizes=\"(max-width: 600px) 100vw, 600px\" \/>\t\t\t\t\t\t\t\t\t\t\t\t\t\t\t<\/div>\n\t\t\t\t<\/div>\n\t\t\t\t<div class=\"elementor-element elementor-element-4b5e611 elementor-widget elementor-widget-text-editor\" data-id=\"4b5e611\" data-element_type=\"widget\" data-e-type=\"widget\" data-widget_type=\"text-editor.default\">\n\t\t\t\t<div class=\"elementor-widget-container\">\n\t\t\t\t\t\t\t\t\t<p><strong>PONADCZASOWO\u015a\u0106<\/strong><\/p><h1>si\u0142a natury<\/h1><p>Ka\u017cdy kawa\u0142ek marmuru jest inny &#8211; odcienie i wzory czyni\u0105 ka\u017cdy egzemplarz lampy niepowtarzalnym dzie\u0142em sztuki, kt\u00f3re opowiada histori\u0119 natury zakl\u0119t\u0105 w kamieniu.<br \/>Marmur w naszych lampach sto\u0142owych to gwarancja stabilno\u015bci i trwa\u0142o\u015bci.<\/p>\t\t\t\t\t\t\t\t<\/div>\n\t\t\t\t<\/div>\n\t\t\t\t\t<\/div>\n\t\t\t\t<\/div>\n\t\t<div class=\"elementor-element elementor-element-7f200cb e-grid e-con-boxed e-con e-parent\" data-id=\"7f200cb\" data-element_type=\"container\" data-e-type=\"container\">\n\t\t\t\t\t<div class=\"e-con-inner\">\n\t\t\t\t<div class=\"elementor-element elementor-element-2ab3675 elementor-widget elementor-widget-text-editor\" data-id=\"2ab3675\" data-element_type=\"widget\" data-e-type=\"widget\" data-widget_type=\"text-editor.default\">\n\t\t\t\t<div class=\"elementor-widget-container\">\n\t\t\t\t\t\t\t\t\t<p><strong>TRANSPORT<\/strong><\/p><h1>troska o planet\u0119<\/h1><p>Opakowania naszych lamp starali\u015bmy si\u0119 zaprojektowa\u0107 tak, aby mia\u0142y jak najmniejszy wp\u0142yw na \u015brodowisko. Stosowanie opakowa\u0144 ekologicznych, wykonanych z materia\u0142\u00f3w biodegradowalnych, znacz\u0105co redukuje ilo\u015b\u0107 odpad\u00f3w trafiaj\u0105cych na wysypiska i zmniejsza zanieczyszczenie \u015brodowiska. Takie podej\u015bcie jest naszym wyborem i wyrazem troski o planet\u0119.<\/p>\t\t\t\t\t\t\t\t<\/div>\n\t\t\t\t<\/div>\n\t\t\t\t<div class=\"elementor-element elementor-element-84960ba elementor-widget elementor-widget-image\" data-id=\"84960ba\" data-element_type=\"widget\" data-e-type=\"widget\" data-widget_type=\"image.default\">\n\t\t\t\t<div class=\"elementor-widget-container\">\n\t\t\t\t\t\t\t\t\t\t\t\t\t\t\t<img loading=\"lazy\" decoding=\"async\" width=\"600\" height=\"600\" src=\"https:\/\/goldberry.lighting\/wp-content\/uploads\/jakosc_6.jpg\" class=\"attachment-large size-large wp-image-1316\" alt=\"\" srcset=\"https:\/\/goldberry.lighting\/wp-content\/uploads\/jakosc_6.jpg 600w, https:\/\/goldberry.lighting\/wp-content\/uploads\/jakosc_6-12x12.jpg 12w, https:\/\/goldberry.lighting\/wp-content\/uploads\/jakosc_6-100x100.jpg 100w, https:\/\/goldberry.lighting\/wp-content\/uploads\/jakosc_6-50x50.jpg 50w\" sizes=\"(max-width: 600px) 100vw, 600px\" \/>\t\t\t\t\t\t\t\t\t\t\t\t\t\t\t<\/div>\n\t\t\t\t<\/div>\n\t\t\t\t\t<\/div>\n\t\t\t\t<\/div>\n\t\t<div class=\"elementor-element elementor-element-115d6cd e-flex e-con-boxed e-con e-parent\" data-id=\"115d6cd\" data-element_type=\"container\" data-e-type=\"container\">\n\t\t\t\t\t<div class=\"e-con-inner\">\n\t\t\t\t<div class=\"elementor-element elementor-element-7ba57e9 elementor-widget elementor-widget-image\" data-id=\"7ba57e9\" data-element_type=\"widget\" data-e-type=\"widget\" data-widget_type=\"image.default\">\n\t\t\t\t<div class=\"elementor-widget-container\">\n\t\t\t\t\t\t\t\t\t\t\t\t\t\t\t<img loading=\"lazy\" decoding=\"async\" width=\"132\" height=\"131\" src=\"https:\/\/goldberry.lighting\/wp-content\/uploads\/Warstwa-28.png\" class=\"attachment-large size-large wp-image-278\" alt=\"\" srcset=\"https:\/\/goldberry.lighting\/wp-content\/uploads\/Warstwa-28.png 132w, https:\/\/goldberry.lighting\/wp-content\/uploads\/Warstwa-28-12x12.png 12w, https:\/\/goldberry.lighting\/wp-content\/uploads\/Warstwa-28-100x100.png 100w\" sizes=\"(max-width: 132px) 100vw, 132px\" \/>\t\t\t\t\t\t\t\t\t\t\t\t\t\t\t<\/div>\n\t\t\t\t<\/div>\n\t\t\t\t\t<\/div>\n\t\t\t\t<\/div>\n\t\t\t\t<\/div>","protected":false},"excerpt":{"rendered":"<p>MISJA w co wierzymy Wierzymy, \u017ce stworzyli\u015bmy produkt, kt\u00f3ry przetrwa lata, oprze si\u0119 modom i b\u0119dzie towarzyszy\u0107 kolejnym pokoleniom!Lampy GOLDBERRY, \u0142\u0105cz\u0105c r\u0119kodzie\u0142o i sztuk\u0119, stanowi\u0105 wyrafinowan\u0105 alternatyw\u0119 dla masowej produkcji. Wybieraj\u0105c wy\u0142\u0105cznie naturalne materia\u0142y najwy\u017cszej jako\u015bci: wyselekcjonowany rattan, naturalny mosi\u0105dz, starannie dobrany marmur, oferujemy produkty o unikalnym charakterze i minimalnym wp\u0142ywie na \u015brodowisko. MATERIA\u0141Y \u015bwiadomy [&hellip;]<\/p>\n","protected":false},"author":1,"featured_media":0,"parent":0,"menu_order":0,"comment_status":"closed","ping_status":"closed","template":"","meta":{"inline_featured_image":false,"footnotes":""},"class_list":["post-1255","page","type-page","status-publish","hentry"],"yoast_head":"<!-- This site is optimized with the Yoast SEO plugin v27.3 - https:\/\/yoast.com\/product\/yoast-seo-wordpress\/ -->\n<title>Jako\u015b\u0107 - Goldberry Lighting<\/title>\n<meta name=\"robots\" content=\"index, follow, max-snippet:-1, max-image-preview:large, max-video-preview:-1\" \/>\n<link rel=\"canonical\" href=\"https:\/\/goldberry.lighting\/en\/jakosc\/\" \/>\n<meta property=\"og:locale\" content=\"en_GB\" \/>\n<meta property=\"og:type\" content=\"article\" \/>\n<meta property=\"og:title\" content=\"Jako\u015b\u0107 - Goldberry Lighting\" \/>\n<meta property=\"og:description\" content=\"MISJA w co wierzymy Wierzymy, \u017ce stworzyli\u015bmy produkt, kt\u00f3ry przetrwa lata, oprze si\u0119 modom i b\u0119dzie towarzyszy\u0107 kolejnym pokoleniom!Lampy GOLDBERRY, \u0142\u0105cz\u0105c r\u0119kodzie\u0142o i sztuk\u0119, stanowi\u0105 wyrafinowan\u0105 alternatyw\u0119 dla masowej produkcji. Wybieraj\u0105c wy\u0142\u0105cznie naturalne materia\u0142y najwy\u017cszej jako\u015bci: wyselekcjonowany rattan, naturalny mosi\u0105dz, starannie dobrany marmur, oferujemy produkty o unikalnym charakterze i minimalnym wp\u0142ywie na \u015brodowisko. MATERIA\u0141Y \u015bwiadomy [&hellip;]\" \/>\n<meta property=\"og:url\" content=\"https:\/\/goldberry.lighting\/en\/jakosc\/\" \/>\n<meta property=\"og:site_name\" content=\"Goldberry Lighting\" \/>\n<meta property=\"article:publisher\" content=\"https:\/\/www.facebook.com\/MagdaFornalWnetrza\" \/>\n<meta property=\"article:modified_time\" content=\"2024-11-14T09:04:39+00:00\" \/>\n<meta property=\"og:image\" content=\"https:\/\/goldberry.lighting\/wp-content\/uploads\/jakosc_1.jpg\" \/>\n\t<meta property=\"og:image:width\" content=\"600\" \/>\n\t<meta property=\"og:image:height\" content=\"600\" \/>\n\t<meta property=\"og:image:type\" content=\"image\/jpeg\" \/>\n<meta name=\"twitter:card\" content=\"summary_large_image\" \/>\n<meta name=\"twitter:label1\" content=\"Estimated reading time\" \/>\n\t<meta name=\"twitter:data1\" content=\"2 minutes\" \/>\n<script type=\"application\/ld+json\" class=\"yoast-schema-graph\">{\"@context\":\"https:\\\/\\\/schema.org\",\"@graph\":[{\"@type\":\"WebPage\",\"@id\":\"https:\\\/\\\/goldberry.lighting\\\/jakosc\\\/\",\"url\":\"https:\\\/\\\/goldberry.lighting\\\/jakosc\\\/\",\"name\":\"Jako\u015b\u0107 - Goldberry Lighting\",\"isPartOf\":{\"@id\":\"https:\\\/\\\/goldberry.lighting\\\/#website\"},\"primaryImageOfPage\":{\"@id\":\"https:\\\/\\\/goldberry.lighting\\\/jakosc\\\/#primaryimage\"},\"image\":{\"@id\":\"https:\\\/\\\/goldberry.lighting\\\/jakosc\\\/#primaryimage\"},\"thumbnailUrl\":\"https:\\\/\\\/goldberry.lighting\\\/wp-content\\\/uploads\\\/jakosc_1.jpg\",\"datePublished\":\"2024-11-13T11:28:45+00:00\",\"dateModified\":\"2024-11-14T09:04:39+00:00\",\"breadcrumb\":{\"@id\":\"https:\\\/\\\/goldberry.lighting\\\/jakosc\\\/#breadcrumb\"},\"inLanguage\":\"en-GB\",\"potentialAction\":[{\"@type\":\"ReadAction\",\"target\":[\"https:\\\/\\\/goldberry.lighting\\\/jakosc\\\/\"]}]},{\"@type\":\"ImageObject\",\"inLanguage\":\"en-GB\",\"@id\":\"https:\\\/\\\/goldberry.lighting\\\/jakosc\\\/#primaryimage\",\"url\":\"https:\\\/\\\/goldberry.lighting\\\/wp-content\\\/uploads\\\/jakosc_1.jpg\",\"contentUrl\":\"https:\\\/\\\/goldberry.lighting\\\/wp-content\\\/uploads\\\/jakosc_1.jpg\"},{\"@type\":\"BreadcrumbList\",\"@id\":\"https:\\\/\\\/goldberry.lighting\\\/jakosc\\\/#breadcrumb\",\"itemListElement\":[{\"@type\":\"ListItem\",\"position\":1,\"name\":\"Home\",\"item\":\"https:\\\/\\\/goldberry.lighting\\\/\"},{\"@type\":\"ListItem\",\"position\":2,\"name\":\"Jako\u015b\u0107\"}]},{\"@type\":\"WebSite\",\"@id\":\"https:\\\/\\\/goldberry.lighting\\\/#website\",\"url\":\"https:\\\/\\\/goldberry.lighting\\\/\",\"name\":\"Goldberry Lighting\",\"description\":\"lampy GOLDBERRY to propozycja dla tych, kt\u00f3rzy kochaj\u0105 tworzy\u0107 DOM...\",\"publisher\":{\"@id\":\"https:\\\/\\\/goldberry.lighting\\\/#organization\"},\"potentialAction\":[{\"@type\":\"SearchAction\",\"target\":{\"@type\":\"EntryPoint\",\"urlTemplate\":\"https:\\\/\\\/goldberry.lighting\\\/?s={search_term_string}\"},\"query-input\":{\"@type\":\"PropertyValueSpecification\",\"valueRequired\":true,\"valueName\":\"search_term_string\"}}],\"inLanguage\":\"en-GB\"},{\"@type\":\"Organization\",\"@id\":\"https:\\\/\\\/goldberry.lighting\\\/#organization\",\"name\":\"Goldberry Lighting\",\"url\":\"https:\\\/\\\/goldberry.lighting\\\/\",\"logo\":{\"@type\":\"ImageObject\",\"inLanguage\":\"en-GB\",\"@id\":\"https:\\\/\\\/goldberry.lighting\\\/#\\\/schema\\\/logo\\\/image\\\/\",\"url\":\"https:\\\/\\\/goldberry.lighting\\\/wp-content\\\/uploads\\\/2023\\\/02\\\/Warstwa-5.png\",\"contentUrl\":\"https:\\\/\\\/goldberry.lighting\\\/wp-content\\\/uploads\\\/2023\\\/02\\\/Warstwa-5.png\",\"width\":276,\"height\":53,\"caption\":\"Goldberry Lighting\"},\"image\":{\"@id\":\"https:\\\/\\\/goldberry.lighting\\\/#\\\/schema\\\/logo\\\/image\\\/\"},\"sameAs\":[\"https:\\\/\\\/www.facebook.com\\\/MagdaFornalWnetrza\"]}]}<\/script>\n<!-- \/ Yoast SEO plugin. -->","yoast_head_json":{"title":"Jako\u015b\u0107 - Goldberry Lighting","robots":{"index":"index","follow":"follow","max-snippet":"max-snippet:-1","max-image-preview":"max-image-preview:large","max-video-preview":"max-video-preview:-1"},"canonical":"https:\/\/goldberry.lighting\/en\/jakosc\/","og_locale":"en_GB","og_type":"article","og_title":"Jako\u015b\u0107 - Goldberry Lighting","og_description":"MISJA w co wierzymy Wierzymy, \u017ce stworzyli\u015bmy produkt, kt\u00f3ry przetrwa lata, oprze si\u0119 modom i b\u0119dzie towarzyszy\u0107 kolejnym pokoleniom!Lampy GOLDBERRY, \u0142\u0105cz\u0105c r\u0119kodzie\u0142o i sztuk\u0119, stanowi\u0105 wyrafinowan\u0105 alternatyw\u0119 dla masowej produkcji. Wybieraj\u0105c wy\u0142\u0105cznie naturalne materia\u0142y najwy\u017cszej jako\u015bci: wyselekcjonowany rattan, naturalny mosi\u0105dz, starannie dobrany marmur, oferujemy produkty o unikalnym charakterze i minimalnym wp\u0142ywie na \u015brodowisko. MATERIA\u0141Y \u015bwiadomy [&hellip;]","og_url":"https:\/\/goldberry.lighting\/en\/jakosc\/","og_site_name":"Goldberry Lighting","article_publisher":"https:\/\/www.facebook.com\/MagdaFornalWnetrza","article_modified_time":"2024-11-14T09:04:39+00:00","og_image":[{"width":600,"height":600,"url":"https:\/\/goldberry.lighting\/wp-content\/uploads\/jakosc_1.jpg","type":"image\/jpeg"}],"twitter_card":"summary_large_image","twitter_misc":{"Estimated reading time":"2 minutes"},"schema":{"@context":"https:\/\/schema.org","@graph":[{"@type":"WebPage","@id":"https:\/\/goldberry.lighting\/jakosc\/","url":"https:\/\/goldberry.lighting\/jakosc\/","name":"Jako\u015b\u0107 - Goldberry Lighting","isPartOf":{"@id":"https:\/\/goldberry.lighting\/#website"},"primaryImageOfPage":{"@id":"https:\/\/goldberry.lighting\/jakosc\/#primaryimage"},"image":{"@id":"https:\/\/goldberry.lighting\/jakosc\/#primaryimage"},"thumbnailUrl":"https:\/\/goldberry.lighting\/wp-content\/uploads\/jakosc_1.jpg","datePublished":"2024-11-13T11:28:45+00:00","dateModified":"2024-11-14T09:04:39+00:00","breadcrumb":{"@id":"https:\/\/goldberry.lighting\/jakosc\/#breadcrumb"},"inLanguage":"en-GB","potentialAction":[{"@type":"ReadAction","target":["https:\/\/goldberry.lighting\/jakosc\/"]}]},{"@type":"ImageObject","inLanguage":"en-GB","@id":"https:\/\/goldberry.lighting\/jakosc\/#primaryimage","url":"https:\/\/goldberry.lighting\/wp-content\/uploads\/jakosc_1.jpg","contentUrl":"https:\/\/goldberry.lighting\/wp-content\/uploads\/jakosc_1.jpg"},{"@type":"BreadcrumbList","@id":"https:\/\/goldberry.lighting\/jakosc\/#breadcrumb","itemListElement":[{"@type":"ListItem","position":1,"name":"Home","item":"https:\/\/goldberry.lighting\/"},{"@type":"ListItem","position":2,"name":"Jako\u015b\u0107"}]},{"@type":"WebSite","@id":"https:\/\/goldberry.lighting\/#website","url":"https:\/\/goldberry.lighting\/","name":"Goldberry Lighting","description":"lampy GOLDBERRY to propozycja dla tych, kt\u00f3rzy kochaj\u0105 tworzy\u0107 DOM...","publisher":{"@id":"https:\/\/goldberry.lighting\/#organization"},"potentialAction":[{"@type":"SearchAction","target":{"@type":"EntryPoint","urlTemplate":"https:\/\/goldberry.lighting\/?s={search_term_string}"},"query-input":{"@type":"PropertyValueSpecification","valueRequired":true,"valueName":"search_term_string"}}],"inLanguage":"en-GB"},{"@type":"Organization","@id":"https:\/\/goldberry.lighting\/#organization","name":"Goldberry Lighting","url":"https:\/\/goldberry.lighting\/","logo":{"@type":"ImageObject","inLanguage":"en-GB","@id":"https:\/\/goldberry.lighting\/#\/schema\/logo\/image\/","url":"https:\/\/goldberry.lighting\/wp-content\/uploads\/2023\/02\/Warstwa-5.png","contentUrl":"https:\/\/goldberry.lighting\/wp-content\/uploads\/2023\/02\/Warstwa-5.png","width":276,"height":53,"caption":"Goldberry Lighting"},"image":{"@id":"https:\/\/goldberry.lighting\/#\/schema\/logo\/image\/"},"sameAs":["https:\/\/www.facebook.com\/MagdaFornalWnetrza"]}]}},"_links":{"self":[{"href":"https:\/\/goldberry.lighting\/en\/wp-json\/wp\/v2\/pages\/1255","targetHints":{"allow":["GET"]}}],"collection":[{"href":"https:\/\/goldberry.lighting\/en\/wp-json\/wp\/v2\/pages"}],"about":[{"href":"https:\/\/goldberry.lighting\/en\/wp-json\/wp\/v2\/types\/page"}],"author":[{"embeddable":true,"href":"https:\/\/goldberry.lighting\/en\/wp-json\/wp\/v2\/users\/1"}],"replies":[{"embeddable":true,"href":"https:\/\/goldberry.lighting\/en\/wp-json\/wp\/v2\/comments?post=1255"}],"version-history":[{"count":67,"href":"https:\/\/goldberry.lighting\/en\/wp-json\/wp\/v2\/pages\/1255\/revisions"}],"predecessor-version":[{"id":1494,"href":"https:\/\/goldberry.lighting\/en\/wp-json\/wp\/v2\/pages\/1255\/revisions\/1494"}],"wp:attachment":[{"href":"https:\/\/goldberry.lighting\/en\/wp-json\/wp\/v2\/media?parent=1255"}],"curies":[{"name":"wp","href":"https:\/\/api.w.org\/{rel}","templated":true}]}}